{"id":3617,"date":"2021-06-07T18:34:18","date_gmt":"2021-06-07T18:34:18","guid":{"rendered":"http:\/\/embassyofuruguay.us\/?page_id=3617"},"modified":"2024-02-28T18:37:53","modified_gmt":"2024-02-28T23:37:53","slug":"visa-de-turismo","status":"publish","type":"page","link":"https:\/\/embassyofuruguay.us\/es\/visa-de-turismo\/","title":{"rendered":"Visa de Turismo"},"content":{"rendered":"<p><div class=\"fusion-fullwidth fullwidth-box fusion-builder-row-1 fusion-flex-container nonhundred-percent-fullwidth non-hundred-percent-height-scrolling\" style=\"background-color: rgba(255,255,255,0);background-position: center center;background-repeat: no-repeat;border-width: 0px 0px 0px 0px;border-color:#e8ebef;border-style:solid;\" ><div class=\"fusion-builder-row fusion-row fusion-flex-align-items-flex-start fusion-flex-justify-content-center\" style=\"max-width:1310.4px;margin-left: calc(-4% \/ 2 );margin-right: calc(-4% \/ 2 );\"><div class=\"fusion-layout-column fusion_builder_column fusion-builder-column-0 fusion_builder_column_1_1 1_1 fusion-flex-column\"><div class=\"fusion-column-wrapper fusion-column-has-shadow fusion-flex-justify-content-flex-start fusion-content-layout-column\" style=\"background-position:left top;background-repeat:no-repeat;-webkit-background-size:cover;-moz-background-size:cover;-o-background-size:cover;background-size:cover;border-radius:8px 8px 8px 8px;border-width: 1px 1px 1px 1px;border-color:rgba(0,0,0,0.05);border-style:solid;border-radius:8px 8px 8px 8px;overflow:hidden;box-shadow:0px 2px 4px -1px rgba(0,0,0,0.05);;padding: 36px 40px 16px 40px;\"><style type=\"text\/css\">@media only screen and (max-width:1200px) {.fusion-title.fusion-title-1{margin-top:10px!important; margin-right:0px!important;margin-bottom:20px!important;margin-left:0px!important;}}@media only screen and (max-width:640px) {.fusion-title.fusion-title-1{margin-top:10px!important; margin-right:0px!important;margin-bottom:20px!important; margin-left:0px!important;}}<\/style><div class=\"fusion-title title fusion-title-1 fusion-sep-none fusion-title-text fusion-title-size-two\" style=\"margin-top:10px;margin-right:0px;margin-bottom:20px;margin-left:0px;\"><h2 class=\"title-heading-left\" style=\"margin:0;\">Visa de turismo<\/h2><\/div><div class=\"fusion-text fusion-text-1\"><p>Podr\u00e1n solicitar visa de turismo aquellas personas que deseen ingresar al pa\u00eds de manera temporaria con motivo de placer, recreaci\u00f3n o esparcimiento.<\/p>\n<p><strong>Plazo de permanencia:<\/strong> en caso de que sea otorgada la visa, el tiempo de permanencia en Uruguay ser\u00e1 de 90 d\u00edas, prorrogables por 90 d\u00edas m\u00e1s. La visa de turismo ser\u00e1 de m\u00faltiples entradas durante el plazo de vigencia de la visa.<\/p>\n<p><strong>Vigencia de la visa:<\/strong> 180 d\u00edas a partir del otorgamiento (estampado) de la visa.<\/p>\n<p><strong>El\/la interesado\/a deber\u00e1 presentar su solicitud de visa con al menos 20 d\u00edas h\u00e1biles de antelaci\u00f3n a la fecha del viaje. Los requisitos son los siguientes:<\/strong><\/p>\n<\/div><ul class=\"fusion-checklist fusion-checklist-1\" style=\"font-size:18px;line-height:30.6px;\"><li class=\"fusion-li-item\"><span style=\"height:30.6px;width:30.6px;margin-right:12.6px;\" class=\"icon-wrapper circle-no\"><i class=\"fusion-li-icon icon-accountant-check\" style=\"color:#1a9eff;\" aria-hidden=\"true\"><\/i><\/span><div class=\"fusion-li-item-content\" style=\"margin-left:43.2px;\">\n<p><a href=\"https:\/\/embassyofuruguay.us\/wp-content\/uploads\/2024\/02\/Formulario-unificado-de-visas-2024.pdf\" target=\"_blank\" rel=\"noopener\">Formulario de solicitud<\/a>\u00a0completo y firmado.<\/p>\n<\/div><\/li><li class=\"fusion-li-item\"><span style=\"height:30.6px;width:30.6px;margin-right:12.6px;\" class=\"icon-wrapper circle-no\"><i class=\"fusion-li-icon icon-accountant-check\" style=\"color:#1a9eff;\" aria-hidden=\"true\"><\/i><\/span><div class=\"fusion-li-item-content\" style=\"margin-left:43.2px;\">\n<p>Pasaporte v\u00e1lido por al menos\u00a06 meses posteriores al arribo a Uruguay, el cual se devuelve en el momento. El pasaporte debe estar en buen estado de conservaci\u00f3n. El Consulado no retiene el pasaporte.<\/p>\n<\/div><\/li><li class=\"fusion-li-item\"><span style=\"height:30.6px;width:30.6px;margin-right:12.6px;\" class=\"icon-wrapper circle-no\"><i class=\"fusion-li-icon icon-accountant-check\" style=\"color:#1a9eff;\" aria-hidden=\"true\"><\/i><\/span><div class=\"fusion-li-item-content\" style=\"margin-left:43.2px;\">\n<p>Una fotograf\u00eda tama\u00f1o pasaporte.<\/p>\n<\/div><\/li><li class=\"fusion-li-item\"><span style=\"height:30.6px;width:30.6px;margin-right:12.6px;\" class=\"icon-wrapper circle-no\"><i class=\"fusion-li-icon icon-accountant-check\" style=\"color:#1a9eff;\" aria-hidden=\"true\"><\/i><\/span><div class=\"fusion-li-item-content\" style=\"margin-left:43.2px;\">\n<p>Reserva de pasaje de ida y vuelta.<\/p>\n<\/div><\/li><li class=\"fusion-li-item\"><span style=\"height:30.6px;width:30.6px;margin-right:12.6px;\" class=\"icon-wrapper circle-no\"><i class=\"fusion-li-icon icon-accountant-check\" style=\"color:#1a9eff;\" aria-hidden=\"true\"><\/i><\/span><div class=\"fusion-li-item-content\" style=\"margin-left:43.2px;\">\n<p>Referencia en Uruguay (persona, empresa) o reserva de hotel realizada a nombre de la persona que viaja. Si la persona no pernoctar\u00e1 en el pa\u00eds (viaja por el d\u00eda) debe especificarlo en el formulario de aplicaci\u00f3n.<\/p>\n<\/div><\/li><li class=\"fusion-li-item\"><span style=\"height:30.6px;width:30.6px;margin-right:12.6px;\" class=\"icon-wrapper circle-no\"><i class=\"fusion-li-icon icon-accountant-check\" style=\"color:#1a9eff;\" aria-hidden=\"true\"><\/i><\/span><div class=\"fusion-li-item-content\" style=\"margin-left:43.2px;\">\n<p>Es necesario solicitar una cita en el siguiente correo electr\u00f3nico: <a href=\"mailto:cdwashington@mrree.gub.uy\">cdwashington@mrree.gub.uy<\/a><\/p>\n<\/div><\/li><li class=\"fusion-li-item\"><span style=\"height:30.6px;width:30.6px;margin-right:12.6px;\" class=\"icon-wrapper circle-no\"><i class=\"fusion-li-icon icon-accountant-check\" style=\"color:#1a9eff;\" aria-hidden=\"true\"><\/i><\/span><div class=\"fusion-li-item-content\" style=\"margin-left:43.2px;\">\n<p>Al momento de otorgar la visa, el interesado debe presentarse personalmente con su pasaporte y moneyorder de\u00a0<strong>US$ 54<\/strong><strong>.<\/strong><\/p>\n<\/div><\/li><\/ul><\/div><style type=\"text\/css\">.fusion-body .fusion-builder-column-0{width:100% !important;margin-top : 20px;margin-bottom : 20px;}.fusion-builder-column-0 > .fusion-column-wrapper {padding-top : 36px !important;padding-right : 40px !important;margin-right : 20px;padding-bottom : 16px !important;padding-left : 40px !important;margin-left : 20px;}@media only screen and (max-width:1200px) {.fusion-body .fusion-builder-column-0{width:50% !important;order : 0;}.fusion-builder-column-0 > .fusion-column-wrapper {margin-right : 20px;margin-left : 20px;}}@media only screen and (max-width:640px) {.fusion-body .fusion-builder-column-0{width:100% !important;order : 0;margin-bottom : 10px;}.fusion-builder-column-0 > .fusion-column-wrapper {margin-right : 1.92%;margin-left : 1.92%;}}<\/style><\/div><\/div><style type=\"text\/css\">.fusion-fullwidth.fusion-builder-row-1 a:not(.awb-custom-text-color):not(.fusion-button):not(.fusion-builder-module-control):not(.fusion-social-network-icon):not(.fb-icon-element):not(.fusion-countdown-link):not(.fusion-rollover-link):not(.fusion-rollover-gallery):not(.fusion-button-bar):not(.add_to_cart_button):not(.show_details_button):not(.product_type_external):not(.fusion-view-cart):not(.fusion-quick-view):not(.fusion-rollover-title-link):not(.fusion-breadcrumb-link) , .fusion-fullwidth.fusion-builder-row-1 a:not(.awb-custom-text-color):not(.fusion-button):not(.fusion-builder-module-control):not(.fusion-social-network-icon):not(.fb-icon-element):not(.fusion-countdown-link):not(.fusion-rollover-link):not(.fusion-rollover-gallery):not(.fusion-button-bar):not(.add_to_cart_button):not(.show_details_button):not(.product_type_external):not(.fusion-view-cart):not(.fusion-quick-view):not(.fusion-rollover-title-link):not(.fusion-breadcrumb-link):before, .fusion-fullwidth.fusion-builder-row-1 a:not(.awb-custom-text-color):not(.fusion-button):not(.fusion-builder-module-control):not(.fusion-social-network-icon):not(.fb-icon-element):not(.fusion-countdown-link):not(.fusion-rollover-link):not(.fusion-rollover-gallery):not(.fusion-button-bar):not(.add_to_cart_button):not(.show_details_button):not(.product_type_external):not(.fusion-view-cart):not(.fusion-quick-view):not(.fusion-rollover-title-link):not(.fusion-breadcrumb-link):after {color: #1a9eff;}.fusion-fullwidth.fusion-builder-row-1 a:not(.awb-custom-text-hover-color):not(.fusion-button):not(.fusion-builder-module-control):not(.fusion-social-network-icon):not(.fb-icon-element):not(.fusion-countdown-link):not(.fusion-rollover-link):not(.fusion-rollover-gallery):not(.fusion-button-bar):not(.add_to_cart_button):not(.show_details_button):not(.product_type_external):not(.fusion-view-cart):not(.fusion-quick-view):not(.fusion-rollover-title-link):not(.fusion-breadcrumb-link):hover, .fusion-fullwidth.fusion-builder-row-1 a:not(.awb-custom-text-hover-color):not(.fusion-button):not(.fusion-builder-module-control):not(.fusion-social-network-icon):not(.fb-icon-element):not(.fusion-countdown-link):not(.fusion-rollover-link):not(.fusion-rollover-gallery):not(.fusion-button-bar):not(.add_to_cart_button):not(.show_details_button):not(.product_type_external):not(.fusion-view-cart):not(.fusion-quick-view):not(.fusion-rollover-title-link):not(.fusion-breadcrumb-link):hover:before, .fusion-fullwidth.fusion-builder-row-1 a:not(.awb-custom-text-hover-color):not(.fusion-button):not(.fusion-builder-module-control):not(.fusion-social-network-icon):not(.fb-icon-element):not(.fusion-countdown-link):not(.fusion-rollover-link):not(.fusion-rollover-gallery):not(.fusion-button-bar):not(.add_to_cart_button):not(.show_details_button):not(.product_type_external):not(.fusion-view-cart):not(.fusion-quick-view):not(.fusion-rollover-title-link):not(.fusion-breadcrumb-link):hover:after {color: #0045a4;}.fusion-fullwidth.fusion-builder-row-1 .pagination a.inactive:hover, .fusion-fullwidth.fusion-builder-row-1 .fusion-filters .fusion-filter.fusion-active a {border-color: #0045a4;}.fusion-fullwidth.fusion-builder-row-1 .pagination .current {border-color: #0045a4; background-color: #0045a4;}.fusion-fullwidth.fusion-builder-row-1 .fusion-filters .fusion-filter.fusion-active a, .fusion-fullwidth.fusion-builder-row-1 .fusion-date-and-formats .fusion-format-box, .fusion-fullwidth.fusion-builder-row-1 .fusion-popover, .fusion-fullwidth.fusion-builder-row-1 .tooltip-shortcode {color: #0045a4;}#wrapper .fusion-fullwidth.fusion-builder-row-1 .fusion-widget-area .fusion-vertical-menu-widget .menu li.current_page_ancestor > a, #wrapper .fusion-fullwidth.fusion-builder-row-1 .fusion-widget-area .fusion-vertical-menu-widget .menu li.current_page_ancestor > a:before, #wrapper .fusion-fullwidth.fusion-builder-row-1 .fusion-widget-area .fusion-vertical-menu-widget .current-menu-item > a, #wrapper .fusion-fullwidth.fusion-builder-row-1 .fusion-widget-area .fusion-vertical-menu-widget .current-menu-item > a:before, #wrapper .fusion-fullwidth.fusion-builder-row-1 .fusion-widget-area .fusion-vertical-menu-widget .current_page_item > a, #wrapper .fusion-fullwidth.fusion-builder-row-1 .fusion-widget-area .fusion-vertical-menu-widget .current_page_item > a:before {color: #0045a4;}#wrapper .fusion-fullwidth.fusion-builder-row-1 .fusion-widget-area .widget_nav_menu .menu li.current_page_ancestor > a, #wrapper .fusion-fullwidth.fusion-builder-row-1 .fusion-widget-area .widget_nav_menu .menu li.current_page_ancestor > a:before, #wrapper .fusion-fullwidth.fusion-builder-row-1 .fusion-widget-area .widget_nav_menu .current-menu-item > a, #wrapper .fusion-fullwidth.fusion-builder-row-1 .fusion-widget-area .widget_nav_menu .current-menu-item > a:before, #wrapper .fusion-fullwidth.fusion-builder-row-1 .fusion-widget-area .widget_nav_menu .current_page_item > a, #wrapper .fusion-fullwidth.fusion-builder-row-1 .fusion-widget-area .widget_nav_menu .current_page_item > a:before {color: #0045a4;}#wrapper .fusion-fullwidth.fusion-builder-row-1 .fusion-vertical-menu-widget .menu li.current_page_item > a { border-right-color:#0045a4;border-left-color:#0045a4;}#wrapper .fusion-fullwidth.fusion-builder-row-1 .fusion-widget-area .tagcloud a:hover { color: #fff; background-color: #0045a4;border-color: #0045a4;}#main .fusion-fullwidth.fusion-builder-row-1 .post .blog-shortcode-post-title a:hover {color: #0045a4;}.fusion-body .fusion-flex-container.fusion-builder-row-1{ padding-top : 50px;margin-top : 0px;padding-right : 0px;padding-bottom : 3px;margin-bottom : 0px;padding-left : 0px;}@media only screen and (max-width:1200px) {.fusion-body .fusion-flex-container.fusion-builder-row-1{ padding-top : 60px;padding-bottom : 80px;}}@media only screen and (max-width:640px) {.fusion-body .fusion-flex-container.fusion-builder-row-1{ padding-top : 24px;padding-bottom : 48px;}}<\/style><\/div><div class=\"fusion-fullwidth fullwidth-box fusion-builder-row-2 fusion-flex-container nonhundred-percent-fullwidth non-hundred-percent-height-scrolling\" style=\"background-color: rgba(255,255,255,0);background-position: center center;background-repeat: no-repeat;border-width: 0px 0px 0px 0px;border-color:#e8ebef;border-style:solid;\" ><div class=\"fusion-builder-row fusion-row fusion-flex-align-items-center\" style=\"max-width:1310.4px;margin-left: calc(-4% \/ 2 );margin-right: calc(-4% \/ 2 );\"><div class=\"fusion-layout-column fusion_builder_column fusion-builder-column-1 fusion_builder_column_1_1 1_1 fusion-flex-column fusion-flex-align-self-center\"><div class=\"fusion-column-wrapper fusion-flex-justify-content-flex-start fusion-content-layout-column\" style=\"background-position:left top;background-repeat:no-repeat;-webkit-background-size:cover;-moz-background-size:cover;-o-background-size:cover;background-size:cover;padding: 0px 0px 0px 0px;\"><div class=\"fusion-text fusion-text-2\"><h4 style=\"text-align: center;\"><span lang=\"ES\">En caso de tener consultas adicionales sobre solicitud de visas, remita un email a:\u00a0<\/span><strong><a href=\"mailto:cdwashington@mrree.gub.uy\"><span lang=\"ES\">cdwashington@mrree.gub.uy<\/span><\/a><\/strong><\/h4>\n<\/div><\/div><style type=\"text\/css\">.fusion-body .fusion-builder-column-1{width:100% !important;margin-top : 20px;margin-bottom : 20px;}.fusion-builder-column-1 > .fusion-column-wrapper {padding-top : 0px !important;padding-right : 0px !important;margin-right : 1.92%;padding-bottom : 0px !important;padding-left : 0px !important;margin-left : 1.92%;}@media only screen and (max-width:1200px) {.fusion-body .fusion-builder-column-1{width:100% !important;order : 0;}.fusion-builder-column-1 > .fusion-column-wrapper {margin-right : 1.92%;margin-left : 1.92%;}}@media only screen and (max-width:640px) {.fusion-body .fusion-builder-column-1{width:100% !important;order : 0;}.fusion-builder-column-1 > .fusion-column-wrapper {margin-right : 1.92%;margin-left : 1.92%;}}<\/style><\/div><\/div><style type=\"text\/css\">.fusion-body .fusion-flex-container.fusion-builder-row-2{ padding-top : 1px;margin-top : 0px;padding-right : 0px;padding-bottom : 30px;margin-bottom : 0px;padding-left : 0px;}<\/style><\/div><\/p>\n","protected":false},"excerpt":{"rendered":"","protected":false},"author":8,"featured_media":0,"parent":0,"menu_order":0,"comment_status":"closed","ping_status":"closed","template":"100-width.php","meta":{"nf_dc_page":"","om_disable_all_campaigns":false,"_monsterinsights_skip_tracking":false,"_monsterinsights_sitenote_active":false,"_monsterinsights_sitenote_note":"","_monsterinsights_sitenote_category":0,"_uf_show_specific_survey":0,"_uf_disable_surveys":false,"footnotes":""},"class_list":["post-3617","page","type-page","status-publish","hentry"],"aioseo_notices":[],"yoast_head":"<!-- This site is optimized with the Yoast SEO plugin v27.4 - https:\/\/yoast.com\/product\/yoast-seo-wordpress\/ -->\n<title>Visa de Turismo &#8226; Embajada de Uruguay en los Estados Unidos<\/title>\n<meta name=\"robots\" content=\"index, follow, max-snippet:-1, max-image-preview:large, max-video-preview:-1\" \/>\n<link rel=\"canonical\" href=\"https:\/\/embassyofuruguay.us\/es\/visa-de-turismo\/\" \/>\n<meta property=\"og:locale\" content=\"en_GB\" \/>\n<meta property=\"og:type\" content=\"article\" \/>\n<meta property=\"og:title\" content=\"Visa de Turismo &#8226; Embajada de Uruguay en los Estados Unidos\" \/>\n<meta property=\"og:url\" content=\"https:\/\/embassyofuruguay.us\/es\/visa-de-turismo\/\" \/>\n<meta property=\"og:site_name\" content=\"Embajada de Uruguay en los Estados Unidos\" \/>\n<meta property=\"article:publisher\" content=\"https:\/\/www.facebook.com\/UruguayenWashingtonDC\/\" \/>\n<meta property=\"article:modified_time\" content=\"2024-02-28T23:37:53+00:00\" \/>\n<meta name=\"twitter:card\" content=\"summary_large_image\" \/>\n<meta name=\"twitter:site\" content=\"@UruguayinUSA\" \/>\n<meta name=\"twitter:label1\" content=\"Estimated reading time\" \/>\n\t<meta name=\"twitter:data1\" content=\"8 minutes\" \/>\n<script type=\"application\/ld+json\" class=\"yoast-schema-graph\">{\"@context\":\"https:\\\/\\\/schema.org\",\"@graph\":[{\"@type\":\"WebPage\",\"@id\":\"https:\\\/\\\/embassyofuruguay.us\\\/es\\\/visa-de-turismo\\\/\",\"url\":\"https:\\\/\\\/embassyofuruguay.us\\\/es\\\/visa-de-turismo\\\/\",\"name\":\"Visa de Turismo &#8226; Embajada de Uruguay en los Estados Unidos\",\"isPartOf\":{\"@id\":\"https:\\\/\\\/embassyofuruguay.us\\\/#website\"},\"datePublished\":\"2021-06-07T18:34:18+00:00\",\"dateModified\":\"2024-02-28T23:37:53+00:00\",\"breadcrumb\":{\"@id\":\"https:\\\/\\\/embassyofuruguay.us\\\/es\\\/visa-de-turismo\\\/#breadcrumb\"},\"inLanguage\":\"en-GB\",\"potentialAction\":[{\"@type\":\"ReadAction\",\"target\":[\"https:\\\/\\\/embassyofuruguay.us\\\/es\\\/visa-de-turismo\\\/\"]}]},{\"@type\":\"BreadcrumbList\",\"@id\":\"https:\\\/\\\/embassyofuruguay.us\\\/es\\\/visa-de-turismo\\\/#breadcrumb\",\"itemListElement\":[{\"@type\":\"ListItem\",\"position\":1,\"name\":\"Portada\",\"item\":\"https:\\\/\\\/embassyofuruguay.us\\\/es\\\/embajada-homepage-en\\\/\"},{\"@type\":\"ListItem\",\"position\":2,\"name\":\"Visa de Turismo\"}]},{\"@type\":\"WebSite\",\"@id\":\"https:\\\/\\\/embassyofuruguay.us\\\/#website\",\"url\":\"https:\\\/\\\/embassyofuruguay.us\\\/\",\"name\":\"Embajada de Uruguay en los Estados Unidos\",\"description\":\"Sitio web institucional de la embajada de Uruguay en los Estados Unidos\",\"publisher\":{\"@id\":\"https:\\\/\\\/embassyofuruguay.us\\\/#organization\"},\"potentialAction\":[{\"@type\":\"SearchAction\",\"target\":{\"@type\":\"EntryPoint\",\"urlTemplate\":\"https:\\\/\\\/embassyofuruguay.us\\\/?s={search_term_string}\"},\"query-input\":{\"@type\":\"PropertyValueSpecification\",\"valueRequired\":true,\"valueName\":\"search_term_string\"}}],\"inLanguage\":\"en-GB\"},{\"@type\":\"Organization\",\"@id\":\"https:\\\/\\\/embassyofuruguay.us\\\/#organization\",\"name\":\"Embajada de Uruguay en los Estados Unidos\",\"url\":\"https:\\\/\\\/embassyofuruguay.us\\\/\",\"logo\":{\"@type\":\"ImageObject\",\"inLanguage\":\"en-GB\",\"@id\":\"https:\\\/\\\/embassyofuruguay.us\\\/#\\\/schema\\\/logo\\\/image\\\/\",\"url\":\"http:\\\/\\\/embassyofuruguay.us\\\/wp-content\\\/uploads\\\/2021\\\/04\\\/logo_embajada_bottom.png\",\"contentUrl\":\"http:\\\/\\\/embassyofuruguay.us\\\/wp-content\\\/uploads\\\/2021\\\/04\\\/logo_embajada_bottom.png\",\"width\":218,\"height\":130,\"caption\":\"Embajada de Uruguay en los Estados Unidos\"},\"image\":{\"@id\":\"https:\\\/\\\/embassyofuruguay.us\\\/#\\\/schema\\\/logo\\\/image\\\/\"},\"sameAs\":[\"https:\\\/\\\/www.facebook.com\\\/UruguayenWashingtonDC\\\/\",\"https:\\\/\\\/x.com\\\/UruguayinUSA\",\"https:\\\/\\\/www.instagram.com\\\/uruguay.embajada.us\\\/?igshid=jcgmy9h37fv9\",\"https:\\\/\\\/www.linkedin.com\\\/company\\\/embassy-of-uruguay-in-the-usa\"]}]}<\/script>\n<!-- \/ Yoast SEO plugin. -->","yoast_head_json":{"title":"Visa de Turismo &#8226; Embajada de Uruguay en los Estados Unidos","robots":{"index":"index","follow":"follow","max-snippet":"max-snippet:-1","max-image-preview":"max-image-preview:large","max-video-preview":"max-video-preview:-1"},"canonical":"https:\/\/embassyofuruguay.us\/es\/visa-de-turismo\/","og_locale":"en_GB","og_type":"article","og_title":"Visa de Turismo &#8226; Embajada de Uruguay en los Estados Unidos","og_url":"https:\/\/embassyofuruguay.us\/es\/visa-de-turismo\/","og_site_name":"Embajada de Uruguay en los Estados Unidos","article_publisher":"https:\/\/www.facebook.com\/UruguayenWashingtonDC\/","article_modified_time":"2024-02-28T23:37:53+00:00","twitter_card":"summary_large_image","twitter_site":"@UruguayinUSA","twitter_misc":{"Estimated reading time":"8 minutes"},"schema":{"@context":"https:\/\/schema.org","@graph":[{"@type":"WebPage","@id":"https:\/\/embassyofuruguay.us\/es\/visa-de-turismo\/","url":"https:\/\/embassyofuruguay.us\/es\/visa-de-turismo\/","name":"Visa de Turismo &#8226; Embajada de Uruguay en los Estados Unidos","isPartOf":{"@id":"https:\/\/embassyofuruguay.us\/#website"},"datePublished":"2021-06-07T18:34:18+00:00","dateModified":"2024-02-28T23:37:53+00:00","breadcrumb":{"@id":"https:\/\/embassyofuruguay.us\/es\/visa-de-turismo\/#breadcrumb"},"inLanguage":"en-GB","potentialAction":[{"@type":"ReadAction","target":["https:\/\/embassyofuruguay.us\/es\/visa-de-turismo\/"]}]},{"@type":"BreadcrumbList","@id":"https:\/\/embassyofuruguay.us\/es\/visa-de-turismo\/#breadcrumb","itemListElement":[{"@type":"ListItem","position":1,"name":"Portada","item":"https:\/\/embassyofuruguay.us\/es\/embajada-homepage-en\/"},{"@type":"ListItem","position":2,"name":"Visa de Turismo"}]},{"@type":"WebSite","@id":"https:\/\/embassyofuruguay.us\/#website","url":"https:\/\/embassyofuruguay.us\/","name":"Embajada de Uruguay en los Estados Unidos","description":"Sitio web institucional de la embajada de Uruguay en los Estados Unidos","publisher":{"@id":"https:\/\/embassyofuruguay.us\/#organization"},"potentialAction":[{"@type":"SearchAction","target":{"@type":"EntryPoint","urlTemplate":"https:\/\/embassyofuruguay.us\/?s={search_term_string}"},"query-input":{"@type":"PropertyValueSpecification","valueRequired":true,"valueName":"search_term_string"}}],"inLanguage":"en-GB"},{"@type":"Organization","@id":"https:\/\/embassyofuruguay.us\/#organization","name":"Embajada de Uruguay en los Estados Unidos","url":"https:\/\/embassyofuruguay.us\/","logo":{"@type":"ImageObject","inLanguage":"en-GB","@id":"https:\/\/embassyofuruguay.us\/#\/schema\/logo\/image\/","url":"http:\/\/embassyofuruguay.us\/wp-content\/uploads\/2021\/04\/logo_embajada_bottom.png","contentUrl":"http:\/\/embassyofuruguay.us\/wp-content\/uploads\/2021\/04\/logo_embajada_bottom.png","width":218,"height":130,"caption":"Embajada de Uruguay en los Estados Unidos"},"image":{"@id":"https:\/\/embassyofuruguay.us\/#\/schema\/logo\/image\/"},"sameAs":["https:\/\/www.facebook.com\/UruguayenWashingtonDC\/","https:\/\/x.com\/UruguayinUSA","https:\/\/www.instagram.com\/uruguay.embajada.us\/?igshid=jcgmy9h37fv9","https:\/\/www.linkedin.com\/company\/embassy-of-uruguay-in-the-usa"]}]}},"_links":{"self":[{"href":"https:\/\/embassyofuruguay.us\/wp-json\/wp\/v2\/pages\/3617","targetHints":{"allow":["GET"]}}],"collection":[{"href":"https:\/\/embassyofuruguay.us\/wp-json\/wp\/v2\/pages"}],"about":[{"href":"https:\/\/embassyofuruguay.us\/wp-json\/wp\/v2\/types\/page"}],"author":[{"embeddable":true,"href":"https:\/\/embassyofuruguay.us\/wp-json\/wp\/v2\/users\/8"}],"replies":[{"embeddable":true,"href":"https:\/\/embassyofuruguay.us\/wp-json\/wp\/v2\/comments?post=3617"}],"version-history":[{"count":5,"href":"https:\/\/embassyofuruguay.us\/wp-json\/wp\/v2\/pages\/3617\/revisions"}],"predecessor-version":[{"id":5552,"href":"https:\/\/embassyofuruguay.us\/wp-json\/wp\/v2\/pages\/3617\/revisions\/5552"}],"wp:attachment":[{"href":"https:\/\/embassyofuruguay.us\/wp-json\/wp\/v2\/media?parent=3617"}],"curies":[{"name":"wp","href":"https:\/\/api.w.org\/{rel}","templated":true}]}}