{"id":3784,"date":"2021-06-10T18:16:47","date_gmt":"2021-06-10T18:16:47","guid":{"rendered":"http:\/\/embassyofuruguay.us\/?page_id=3784"},"modified":"2025-07-21T11:40:43","modified_gmt":"2025-07-21T15:40:43","slug":"inscripcion-en-el-registro-civil-reconocimiento","status":"publish","type":"page","link":"https:\/\/embassyofuruguay.us\/miami\/index.php\/es\/inscripcion-en-el-registro-civil-reconocimiento\/","title":{"rendered":"Inscripci\u00f3n en el Registro Civil: Reconocimiento"},"content":{"rendered":"<p><div class=\"fusion-fullwidth fullwidth-box fusion-builder-row-1 fusion-flex-container nonhundred-percent-fullwidth non-hundred-percent-height-scrolling\" style=\"background-color: rgba(255,255,255,0);background-position: center center;background-repeat: no-repeat;border-width: 0px 0px 0px 0px;border-color:#e8ebef;border-style:solid;\" ><div class=\"fusion-builder-row fusion-row fusion-flex-align-items-center\" style=\"max-width:1310.4px;margin-left: calc(-4% \/ 2 );margin-right: calc(-4% \/ 2 );\"><div class=\"fusion-layout-column fusion_builder_column fusion-builder-column-0 fusion_builder_column_1_1 1_1 fusion-flex-column fusion-flex-align-self-center\"><div class=\"fusion-column-wrapper fusion-flex-justify-content-flex-start fusion-content-layout-column\" style=\"background-position:left top;background-repeat:no-repeat;-webkit-background-size:cover;-moz-background-size:cover;-o-background-size:cover;background-size:cover;padding: 0px 0px 0px 0px;\"><div class=\"fusion-separator fusion-full-width-sep\" style=\"align-self: center;margin-left: auto;margin-right: auto;margin-top:40px;margin-bottom:10px;width:100%;\"><\/div><style type=\"text\/css\">@media only screen and (max-width:1200px) {.fusion-title.fusion-title-1{margin-top:10px!important; margin-right:0px!important;margin-bottom:20px!important;margin-left:0px!important;}}@media only screen and (max-width:640px) {.fusion-title.fusion-title-1{margin-top:10px!important; margin-right:0px!important;margin-bottom:20px!important; margin-left:0px!important;}}<\/style><div class=\"fusion-title title fusion-title-1 fusion-sep-none fusion-title-text fusion-title-size-two\" style=\"margin-top:10px;margin-right:0px;margin-bottom:20px;margin-left:0px;\"><h2 class=\"title-heading-left\" style=\"margin:0;\"><p style=\"text-align: center;\">Inscripci\u00f3n en el Registro Civil<\/p><\/h2><\/div><\/div><style type=\"text\/css\">.fusion-body .fusion-builder-column-0{width:100% !important;margin-top : 20px;margin-bottom : 20px;}.fusion-builder-column-0 > .fusion-column-wrapper {padding-top : 0px !important;padding-right : 0px !important;margin-right : 1.92%;padding-bottom : 0px !important;padding-left : 0px !important;margin-left : 1.92%;}@media only screen and (max-width:1200px) {.fusion-body .fusion-builder-column-0{width:100% !important;order : 0;}.fusion-builder-column-0 > .fusion-column-wrapper {margin-right : 1.92%;margin-left : 1.92%;}}@media only screen and (max-width:640px) {.fusion-body .fusion-builder-column-0{width:100% !important;order : 0;}.fusion-builder-column-0 > .fusion-column-wrapper {margin-right : 1.92%;margin-left : 1.92%;}}<\/style><\/div><\/div><style type=\"text\/css\">.fusion-body .fusion-flex-container.fusion-builder-row-1{ padding-top : 0px;margin-top : 0px;padding-right : 0px;padding-bottom : 0px;margin-bottom : 0px;padding-left : 0px;}<\/style><\/div><div class=\"fusion-fullwidth fullwidth-box fusion-builder-row-2 fusion-flex-container nonhundred-percent-fullwidth non-hundred-percent-height-scrolling\" style=\"background-color: rgba(255,255,255,0);background-position: center center;background-repeat: no-repeat;border-width: 0px 0px 0px 0px;border-color:#e8ebef;border-style:solid;\" ><div class=\"fusion-builder-row fusion-row fusion-flex-align-items-flex-start fusion-flex-justify-content-center\" style=\"max-width:1310.4px;margin-left: calc(-4% \/ 2 );margin-right: calc(-4% \/ 2 );\"><div class=\"fusion-layout-column fusion_builder_column fusion-builder-column-1 fusion_builder_column_1_1 1_1 fusion-flex-column\"><div class=\"fusion-column-wrapper fusion-column-has-shadow fusion-flex-justify-content-flex-start fusion-content-layout-column\" style=\"background-position:left top;background-repeat:no-repeat;-webkit-background-size:cover;-moz-background-size:cover;-o-background-size:cover;background-size:cover;border-radius:8px 8px 8px 8px;border-width: 1px 1px 1px 1px;border-color:rgba(0,0,0,0.05);border-style:solid;border-radius:8px 8px 8px 8px;overflow:hidden;box-shadow:0px 2px 4px -1px rgba(0,0,0,0.05);;padding: 36px 40px 16px 40px;\"><style type=\"text\/css\">@media only screen and (max-width:1200px) {.fusion-title.fusion-title-2{margin-top:10px!important; margin-right:0px!important;margin-bottom:20px!important;margin-left:0px!important;}}@media only screen and (max-width:640px) {.fusion-title.fusion-title-2{margin-top:10px!important; margin-right:0px!important;margin-bottom:20px!important; margin-left:0px!important;}}<\/style><div class=\"fusion-title title fusion-title-2 fusion-sep-none fusion-title-text fusion-title-size-two\" style=\"margin-top:10px;margin-right:0px;margin-bottom:20px;margin-left:0px;\"><h2 class=\"title-heading-left\" style=\"margin:0;\">Reconocimiento<\/h2><\/div><div class=\"fusion-text fusion-text-1\"><p>Si una persona es registrada por uno de sus padres, el padre\/madre que no figura en la partida de nacimiento puede comparecer a reconocer al hijo\/a.<\/p>\n<p><strong>Procedimiento y Requisitos:<\/strong><\/p>\n<p>Solicitar cita al correo electr\u00f3nico <a href=\"cgmiami@mrree.gub.uy\">cdmiami@mrree.gub.uy<\/a> adjuntando la siguiente documentaci\u00f3n escaneada:<\/p>\n<\/div><ul class=\"fusion-checklist fusion-checklist-1\" style=\"font-size:18px;line-height:30.6px;\"><li class=\"fusion-li-item\"><span style=\"height:30.6px;width:30.6px;margin-right:12.6px;\" class=\"icon-wrapper circle-no\"><i class=\"fusion-li-icon icon-accountant-check\" style=\"color:#1a9eff;\" aria-hidden=\"true\"><\/i><\/span><div class=\"fusion-li-item-content\" style=\"margin-left:43.2px;\">Partida de nacimiento uruguaya del reconocido.<\/div><\/li><li class=\"fusion-li-item\"><span style=\"height:30.6px;width:30.6px;margin-right:12.6px;\" class=\"icon-wrapper circle-no\"><i class=\"fusion-li-icon icon-accountant-check\" style=\"color:#1a9eff;\" aria-hidden=\"true\"><\/i><\/span><div class=\"fusion-li-item-content\" style=\"margin-left:43.2px;\">\n<p>Documento de identidad del padre o madre reconociente. \u00a0<\/p>\n<\/div><\/li><li class=\"fusion-li-item\"><span style=\"height:30.6px;width:30.6px;margin-right:12.6px;\" class=\"icon-wrapper circle-no\"><i class=\"fusion-li-icon icon-accountant-check\" style=\"color:#1a9eff;\" aria-hidden=\"true\"><\/i><\/span><div class=\"fusion-li-item-content\" style=\"margin-left:43.2px;\">\n<p>Documentos de identidad vigentes de dos testigos que no pueden ser los padres del reconocido.<\/p>\n<\/div><\/li><\/ul><div class=\"fusion-text fusion-text-2\"><p>Una vez evaluada la documentaci\u00f3n enviada, se le otorgar\u00e1 una cita para realizar el tr\u00e1mite en esta Oficina.<\/p>\n<p>El d\u00eda de la cita deber\u00e1 apersonarse el reconociente junto con la partida original uruguaya del reconocido y los dos testigos, con sus documentos de identidad vigentes.<\/p>\n<p><strong><u>Solamente cuando el reconocido es mayor de 18 a\u00f1os deber\u00e1 estar presente para firmar el acta.<\/u><\/strong><\/p>\n<p>El reconociente podr\u00e1 realizar este tr\u00e1mite \u00fanicamente si reside en los siguientes Estados: (Florida, Alabama, Arkansas, Georgia, South Carolina, Louisiana, Mississippi, Oklahoma, Tennessee, Texas, Puerto Rico, Antigua and Barbuda, Bahamas, Dominica y U.S. Virgin Islands).<\/p><\/p>\n<\/div><div style=\"text-align:center;\"><style type=\"text\/css\">.fusion-button.button-1 {border-radius:32px;}<\/style><a class=\"fusion-button button-flat fusion-button-default-size button-default button-1 fusion-button-default-span fusion-button-default-type\" target=\"_self\" href=\"https:\/\/embassyofuruguay.us\/miami\/wp-content\/uploads\/2024\/06\/FORMULARIO-RECONOCIMIENTOS.pdf\"><span class=\"fusion-button-text\">FORMULARIO RECONOCIMIENTO<\/span><\/a><\/div><div class=\"fusion-text fusion-text-3\"><p><strong><u>Costos:<\/u><\/strong><\/p>\n<p>El costo del tr\u00e1mite es de U$S 18,00.<\/p>\n<p>M\u00e9todos de pago: Tarjeta de cr\u00e9dito o d\u00e9bito, Apple Pay, Google Pay o Money Order a nombre de \u201cConsulate of Uruguay in Miami\u201d.<\/p>\n<\/div><\/div><style type=\"text\/css\">.fusion-body .fusion-builder-column-1{width:100% !important;margin-top : 20px;margin-bottom : 20px;}.fusion-builder-column-1 > .fusion-column-wrapper {padding-top : 36px !important;padding-right : 40px !important;margin-right : 20px;padding-bottom : 16px !important;padding-left : 40px !important;margin-left : 20px;}@media only screen and (max-width:1200px) {.fusion-body .fusion-builder-column-1{width:50% !important;order : 0;}.fusion-builder-column-1 > .fusion-column-wrapper {margin-right : 20px;margin-left : 20px;}}@media only screen and (max-width:640px) {.fusion-body .fusion-builder-column-1{width:100% !important;order : 0;margin-bottom : 10px;}.fusion-builder-column-1 > .fusion-column-wrapper {margin-right : 1.92%;margin-left : 1.92%;}}<\/style><\/div><\/div><style type=\"text\/css\">.fusion-fullwidth.fusion-builder-row-2 a:not(.awb-custom-text-color):not(.fusion-button):not(.fusion-builder-module-control):not(.fusion-social-network-icon):not(.fb-icon-element):not(.fusion-countdown-link):not(.fusion-rollover-link):not(.fusion-rollover-gallery):not(.fusion-button-bar):not(.add_to_cart_button):not(.show_details_button):not(.product_type_external):not(.fusion-view-cart):not(.fusion-quick-view):not(.fusion-rollover-title-link):not(.fusion-breadcrumb-link) , .fusion-fullwidth.fusion-builder-row-2 a:not(.awb-custom-text-color):not(.fusion-button):not(.fusion-builder-module-control):not(.fusion-social-network-icon):not(.fb-icon-element):not(.fusion-countdown-link):not(.fusion-rollover-link):not(.fusion-rollover-gallery):not(.fusion-button-bar):not(.add_to_cart_button):not(.show_details_button):not(.product_type_external):not(.fusion-view-cart):not(.fusion-quick-view):not(.fusion-rollover-title-link):not(.fusion-breadcrumb-link):before, .fusion-fullwidth.fusion-builder-row-2 a:not(.awb-custom-text-color):not(.fusion-button):not(.fusion-builder-module-control):not(.fusion-social-network-icon):not(.fb-icon-element):not(.fusion-countdown-link):not(.fusion-rollover-link):not(.fusion-rollover-gallery):not(.fusion-button-bar):not(.add_to_cart_button):not(.show_details_button):not(.product_type_external):not(.fusion-view-cart):not(.fusion-quick-view):not(.fusion-rollover-title-link):not(.fusion-breadcrumb-link):after {color: #1a9eff;}.fusion-fullwidth.fusion-builder-row-2 a:not(.awb-custom-text-hover-color):not(.fusion-button):not(.fusion-builder-module-control):not(.fusion-social-network-icon):not(.fb-icon-element):not(.fusion-countdown-link):not(.fusion-rollover-link):not(.fusion-rollover-gallery):not(.fusion-button-bar):not(.add_to_cart_button):not(.show_details_button):not(.product_type_external):not(.fusion-view-cart):not(.fusion-quick-view):not(.fusion-rollover-title-link):not(.fusion-breadcrumb-link):hover, .fusion-fullwidth.fusion-builder-row-2 a:not(.awb-custom-text-hover-color):not(.fusion-button):not(.fusion-builder-module-control):not(.fusion-social-network-icon):not(.fb-icon-element):not(.fusion-countdown-link):not(.fusion-rollover-link):not(.fusion-rollover-gallery):not(.fusion-button-bar):not(.add_to_cart_button):not(.show_details_button):not(.product_type_external):not(.fusion-view-cart):not(.fusion-quick-view):not(.fusion-rollover-title-link):not(.fusion-breadcrumb-link):hover:before, .fusion-fullwidth.fusion-builder-row-2 a:not(.awb-custom-text-hover-color):not(.fusion-button):not(.fusion-builder-module-control):not(.fusion-social-network-icon):not(.fb-icon-element):not(.fusion-countdown-link):not(.fusion-rollover-link):not(.fusion-rollover-gallery):not(.fusion-button-bar):not(.add_to_cart_button):not(.show_details_button):not(.product_type_external):not(.fusion-view-cart):not(.fusion-quick-view):not(.fusion-rollover-title-link):not(.fusion-breadcrumb-link):hover:after {color: #15d16c;}.fusion-fullwidth.fusion-builder-row-2 .pagination a.inactive:hover, .fusion-fullwidth.fusion-builder-row-2 .fusion-filters .fusion-filter.fusion-active a {border-color: #15d16c;}.fusion-fullwidth.fusion-builder-row-2 .pagination .current {border-color: #15d16c; background-color: #15d16c;}.fusion-fullwidth.fusion-builder-row-2 .fusion-filters .fusion-filter.fusion-active a, .fusion-fullwidth.fusion-builder-row-2 .fusion-date-and-formats .fusion-format-box, .fusion-fullwidth.fusion-builder-row-2 .fusion-popover, .fusion-fullwidth.fusion-builder-row-2 .tooltip-shortcode {color: #15d16c;}#wrapper .fusion-fullwidth.fusion-builder-row-2 .fusion-widget-area .fusion-vertical-menu-widget .menu li.current_page_ancestor > a, #wrapper .fusion-fullwidth.fusion-builder-row-2 .fusion-widget-area .fusion-vertical-menu-widget .menu li.current_page_ancestor > a:before, #wrapper .fusion-fullwidth.fusion-builder-row-2 .fusion-widget-area .fusion-vertical-menu-widget .current-menu-item > a, #wrapper .fusion-fullwidth.fusion-builder-row-2 .fusion-widget-area .fusion-vertical-menu-widget .current-menu-item > a:before, #wrapper .fusion-fullwidth.fusion-builder-row-2 .fusion-widget-area .fusion-vertical-menu-widget .current_page_item > a, #wrapper .fusion-fullwidth.fusion-builder-row-2 .fusion-widget-area .fusion-vertical-menu-widget .current_page_item > a:before {color: #15d16c;}#wrapper .fusion-fullwidth.fusion-builder-row-2 .fusion-widget-area .widget_nav_menu .menu li.current_page_ancestor > a, #wrapper .fusion-fullwidth.fusion-builder-row-2 .fusion-widget-area .widget_nav_menu .menu li.current_page_ancestor > a:before, #wrapper .fusion-fullwidth.fusion-builder-row-2 .fusion-widget-area .widget_nav_menu .current-menu-item > a, #wrapper .fusion-fullwidth.fusion-builder-row-2 .fusion-widget-area .widget_nav_menu .current-menu-item > a:before, #wrapper .fusion-fullwidth.fusion-builder-row-2 .fusion-widget-area .widget_nav_menu .current_page_item > a, #wrapper .fusion-fullwidth.fusion-builder-row-2 .fusion-widget-area .widget_nav_menu .current_page_item > a:before {color: #15d16c;}#wrapper .fusion-fullwidth.fusion-builder-row-2 .fusion-vertical-menu-widget .menu li.current_page_item > a { border-right-color:#15d16c;border-left-color:#15d16c;}#wrapper .fusion-fullwidth.fusion-builder-row-2 .fusion-widget-area .tagcloud a:hover { color: #fff; background-color: #15d16c;border-color: #15d16c;}#main .fusion-fullwidth.fusion-builder-row-2 .post .blog-shortcode-post-title a:hover {color: #15d16c;}.fusion-body .fusion-flex-container.fusion-builder-row-2{ padding-top : 0px;margin-top : 0px;padding-right : 0px;padding-bottom : 40px;margin-bottom : 0px;padding-left : 0px;}@media only screen and (max-width:1200px) {.fusion-body .fusion-flex-container.fusion-builder-row-2{ padding-top : 60px;padding-bottom : 80px;}}@media only screen and (max-width:640px) {.fusion-body .fusion-flex-container.fusion-builder-row-2{ padding-top : 24px;padding-bottom : 48px;}}<\/style><\/div><\/p>\n","protected":false},"excerpt":{"rendered":"","protected":false},"author":5,"featured_media":0,"parent":0,"menu_order":0,"comment_status":"closed","ping_status":"closed","template":"100-width.php","meta":{"footnotes":""},"class_list":["post-3784","page","type-page","status-publish","hentry"],"yoast_head":"<!-- This site is optimized with the Yoast SEO plugin v26.9 - https:\/\/yoast.com\/product\/yoast-seo-wordpress\/ -->\n<title>Inscripci\u00f3n en el Registro Civil: Reconocimiento &#8226; Embajada de Uruguay en los Estados Unidos<\/title>\n<meta name=\"robots\" content=\"index, follow, max-snippet:-1, max-image-preview:large, max-video-preview:-1\" \/>\n<link rel=\"canonical\" href=\"https:\/\/embassyofuruguay.us\/miami\/index.php\/es\/inscripcion-en-el-registro-civil-reconocimiento\/\" \/>\n<meta property=\"og:locale\" content=\"en_GB\" \/>\n<meta property=\"og:type\" content=\"article\" \/>\n<meta property=\"og:title\" content=\"Inscripci\u00f3n en el Registro Civil: Reconocimiento &#8226; Embajada de Uruguay en los Estados Unidos\" \/>\n<meta property=\"og:url\" content=\"https:\/\/embassyofuruguay.us\/miami\/index.php\/es\/inscripcion-en-el-registro-civil-reconocimiento\/\" \/>\n<meta property=\"og:site_name\" content=\"Embajada de Uruguay en los Estados Unidos\" \/>\n<meta property=\"article:publisher\" content=\"https:\/\/www.facebook.com\/UruguayenWashingtonDC\/\" \/>\n<meta property=\"article:modified_time\" content=\"2025-07-21T15:40:43+00:00\" \/>\n<meta name=\"twitter:card\" content=\"summary_large_image\" \/>\n<meta name=\"twitter:site\" content=\"@UruguayinUSA\" \/>\n<meta name=\"twitter:label1\" content=\"Estimated reading time\" \/>\n\t<meta name=\"twitter:data1\" content=\"6 minutes\" \/>\n<script type=\"application\/ld+json\" class=\"yoast-schema-graph\">{\"@context\":\"https:\/\/schema.org\",\"@graph\":[{\"@type\":\"WebPage\",\"@id\":\"https:\/\/embassyofuruguay.us\/miami\/index.php\/es\/inscripcion-en-el-registro-civil-reconocimiento\/\",\"url\":\"https:\/\/embassyofuruguay.us\/miami\/index.php\/es\/inscripcion-en-el-registro-civil-reconocimiento\/\",\"name\":\"Inscripci\u00f3n en el Registro Civil: Reconocimiento &#8226; Embajada de Uruguay en los Estados Unidos\",\"isPartOf\":{\"@id\":\"https:\/\/embassyofuruguay.us\/miami\/#website\"},\"datePublished\":\"2021-06-10T18:16:47+00:00\",\"dateModified\":\"2025-07-21T15:40:43+00:00\",\"breadcrumb\":{\"@id\":\"https:\/\/embassyofuruguay.us\/miami\/index.php\/es\/inscripcion-en-el-registro-civil-reconocimiento\/#breadcrumb\"},\"inLanguage\":\"en-GB\",\"potentialAction\":[{\"@type\":\"ReadAction\",\"target\":[\"https:\/\/embassyofuruguay.us\/miami\/index.php\/es\/inscripcion-en-el-registro-civil-reconocimiento\/\"]}]},{\"@type\":\"BreadcrumbList\",\"@id\":\"https:\/\/embassyofuruguay.us\/miami\/index.php\/es\/inscripcion-en-el-registro-civil-reconocimiento\/#breadcrumb\",\"itemListElement\":[{\"@type\":\"ListItem\",\"position\":1,\"name\":\"Portada\",\"item\":\"https:\/\/embassyofuruguay.us\/miami\/index.php\/es\/embajada-homepage-en\/\"},{\"@type\":\"ListItem\",\"position\":2,\"name\":\"Inscripci\u00f3n en el Registro Civil: Reconocimiento\"}]},{\"@type\":\"WebSite\",\"@id\":\"https:\/\/embassyofuruguay.us\/miami\/#website\",\"url\":\"https:\/\/embassyofuruguay.us\/miami\/\",\"name\":\"Embajada de Uruguay en los Estados Unidos\",\"description\":\"Sitio web institucional de la embajada de Uruguay en los Estados Unidos\",\"publisher\":{\"@id\":\"https:\/\/embassyofuruguay.us\/miami\/#organization\"},\"potentialAction\":[{\"@type\":\"SearchAction\",\"target\":{\"@type\":\"EntryPoint\",\"urlTemplate\":\"https:\/\/embassyofuruguay.us\/miami\/?s={search_term_string}\"},\"query-input\":{\"@type\":\"PropertyValueSpecification\",\"valueRequired\":true,\"valueName\":\"search_term_string\"}}],\"inLanguage\":\"en-GB\"},{\"@type\":\"Organization\",\"@id\":\"https:\/\/embassyofuruguay.us\/miami\/#organization\",\"name\":\"Embajada de Uruguay en los Estados Unidos\",\"url\":\"https:\/\/embassyofuruguay.us\/miami\/\",\"logo\":{\"@type\":\"ImageObject\",\"inLanguage\":\"en-GB\",\"@id\":\"https:\/\/embassyofuruguay.us\/miami\/#\/schema\/logo\/image\/\",\"url\":\"https:\/\/embassyofuruguay.us\/miami\/wp-content\/uploads\/2021\/04\/logo_embajada_bottom.png\",\"contentUrl\":\"https:\/\/embassyofuruguay.us\/miami\/wp-content\/uploads\/2021\/04\/logo_embajada_bottom.png\",\"width\":218,\"height\":130,\"caption\":\"Embajada de Uruguay en los Estados Unidos\"},\"image\":{\"@id\":\"https:\/\/embassyofuruguay.us\/miami\/#\/schema\/logo\/image\/\"},\"sameAs\":[\"https:\/\/www.facebook.com\/UruguayenWashingtonDC\/\",\"https:\/\/x.com\/UruguayinUSA\",\"https:\/\/www.instagram.com\/uruguay.embajada.us\/?igshid=jcgmy9h37fv9\",\"https:\/\/www.linkedin.com\/company\/embassy-of-uruguay-in-the-usa\"]}]}<\/script>\n<!-- \/ Yoast SEO plugin. -->","yoast_head_json":{"title":"Inscripci\u00f3n en el Registro Civil: Reconocimiento &#8226; Embajada de Uruguay en los Estados Unidos","robots":{"index":"index","follow":"follow","max-snippet":"max-snippet:-1","max-image-preview":"max-image-preview:large","max-video-preview":"max-video-preview:-1"},"canonical":"https:\/\/embassyofuruguay.us\/miami\/index.php\/es\/inscripcion-en-el-registro-civil-reconocimiento\/","og_locale":"en_GB","og_type":"article","og_title":"Inscripci\u00f3n en el Registro Civil: Reconocimiento &#8226; Embajada de Uruguay en los Estados Unidos","og_url":"https:\/\/embassyofuruguay.us\/miami\/index.php\/es\/inscripcion-en-el-registro-civil-reconocimiento\/","og_site_name":"Embajada de Uruguay en los Estados Unidos","article_publisher":"https:\/\/www.facebook.com\/UruguayenWashingtonDC\/","article_modified_time":"2025-07-21T15:40:43+00:00","twitter_card":"summary_large_image","twitter_site":"@UruguayinUSA","twitter_misc":{"Estimated reading time":"6 minutes"},"schema":{"@context":"https:\/\/schema.org","@graph":[{"@type":"WebPage","@id":"https:\/\/embassyofuruguay.us\/miami\/index.php\/es\/inscripcion-en-el-registro-civil-reconocimiento\/","url":"https:\/\/embassyofuruguay.us\/miami\/index.php\/es\/inscripcion-en-el-registro-civil-reconocimiento\/","name":"Inscripci\u00f3n en el Registro Civil: Reconocimiento &#8226; Embajada de Uruguay en los Estados Unidos","isPartOf":{"@id":"https:\/\/embassyofuruguay.us\/miami\/#website"},"datePublished":"2021-06-10T18:16:47+00:00","dateModified":"2025-07-21T15:40:43+00:00","breadcrumb":{"@id":"https:\/\/embassyofuruguay.us\/miami\/index.php\/es\/inscripcion-en-el-registro-civil-reconocimiento\/#breadcrumb"},"inLanguage":"en-GB","potentialAction":[{"@type":"ReadAction","target":["https:\/\/embassyofuruguay.us\/miami\/index.php\/es\/inscripcion-en-el-registro-civil-reconocimiento\/"]}]},{"@type":"BreadcrumbList","@id":"https:\/\/embassyofuruguay.us\/miami\/index.php\/es\/inscripcion-en-el-registro-civil-reconocimiento\/#breadcrumb","itemListElement":[{"@type":"ListItem","position":1,"name":"Portada","item":"https:\/\/embassyofuruguay.us\/miami\/index.php\/es\/embajada-homepage-en\/"},{"@type":"ListItem","position":2,"name":"Inscripci\u00f3n en el Registro Civil: Reconocimiento"}]},{"@type":"WebSite","@id":"https:\/\/embassyofuruguay.us\/miami\/#website","url":"https:\/\/embassyofuruguay.us\/miami\/","name":"Embajada de Uruguay en los Estados Unidos","description":"Sitio web institucional de la embajada de Uruguay en los Estados Unidos","publisher":{"@id":"https:\/\/embassyofuruguay.us\/miami\/#organization"},"potentialAction":[{"@type":"SearchAction","target":{"@type":"EntryPoint","urlTemplate":"https:\/\/embassyofuruguay.us\/miami\/?s={search_term_string}"},"query-input":{"@type":"PropertyValueSpecification","valueRequired":true,"valueName":"search_term_string"}}],"inLanguage":"en-GB"},{"@type":"Organization","@id":"https:\/\/embassyofuruguay.us\/miami\/#organization","name":"Embajada de Uruguay en los Estados Unidos","url":"https:\/\/embassyofuruguay.us\/miami\/","logo":{"@type":"ImageObject","inLanguage":"en-GB","@id":"https:\/\/embassyofuruguay.us\/miami\/#\/schema\/logo\/image\/","url":"https:\/\/embassyofuruguay.us\/miami\/wp-content\/uploads\/2021\/04\/logo_embajada_bottom.png","contentUrl":"https:\/\/embassyofuruguay.us\/miami\/wp-content\/uploads\/2021\/04\/logo_embajada_bottom.png","width":218,"height":130,"caption":"Embajada de Uruguay en los Estados Unidos"},"image":{"@id":"https:\/\/embassyofuruguay.us\/miami\/#\/schema\/logo\/image\/"},"sameAs":["https:\/\/www.facebook.com\/UruguayenWashingtonDC\/","https:\/\/x.com\/UruguayinUSA","https:\/\/www.instagram.com\/uruguay.embajada.us\/?igshid=jcgmy9h37fv9","https:\/\/www.linkedin.com\/company\/embassy-of-uruguay-in-the-usa"]}]}},"_links":{"self":[{"href":"https:\/\/embassyofuruguay.us\/miami\/index.php\/wp-json\/wp\/v2\/pages\/3784","targetHints":{"allow":["GET"]}}],"collection":[{"href":"https:\/\/embassyofuruguay.us\/miami\/index.php\/wp-json\/wp\/v2\/pages"}],"about":[{"href":"https:\/\/embassyofuruguay.us\/miami\/index.php\/wp-json\/wp\/v2\/types\/page"}],"author":[{"embeddable":true,"href":"https:\/\/embassyofuruguay.us\/miami\/index.php\/wp-json\/wp\/v2\/users\/5"}],"replies":[{"embeddable":true,"href":"https:\/\/embassyofuruguay.us\/miami\/index.php\/wp-json\/wp\/v2\/comments?post=3784"}],"version-history":[{"count":5,"href":"https:\/\/embassyofuruguay.us\/miami\/index.php\/wp-json\/wp\/v2\/pages\/3784\/revisions"}],"predecessor-version":[{"id":6702,"href":"https:\/\/embassyofuruguay.us\/miami\/index.php\/wp-json\/wp\/v2\/pages\/3784\/revisions\/6702"}],"wp:attachment":[{"href":"https:\/\/embassyofuruguay.us\/miami\/index.php\/wp-json\/wp\/v2\/media?parent=3784"}],"curies":[{"name":"wp","href":"https:\/\/api.w.org\/{rel}","templated":true}]}}