{"id":2871,"date":"2021-05-18T16:20:20","date_gmt":"2021-05-18T16:20:20","guid":{"rendered":"http:\/\/embassyofuruguay.us\/?page_id=2871"},"modified":"2021-06-25T19:04:32","modified_gmt":"2021-06-25T23:04:32","slug":"importar-de-uruguay","status":"publish","type":"page","link":"https:\/\/embassyofuruguay.us\/sanfrancisco\/index.php\/es\/importar-de-uruguay\/","title":{"rendered":"Importar de Uruguay"},"content":{"rendered":"<div class=\"fusion-fullwidth fullwidth-box fusion-builder-row-1 fusion-flex-container nonhundred-percent-fullwidth non-hundred-percent-height-scrolling\" style=\"background-color: rgba(255,255,255,0);background-position: center center;background-repeat: no-repeat;border-width: 0px 0px 0px 0px;border-color:#e8ebef;border-style:solid;\" ><div class=\"fusion-builder-row fusion-row fusion-flex-align-items-stretch fusion-flex-justify-content-center\" style=\"max-width:1310.4px;margin-left: calc(-4% \/ 2 );margin-right: calc(-4% \/ 2 );\"><div class=\"fusion-layout-column fusion_builder_column fusion-builder-column-0 fusion_builder_column_1_2 1_2 fusion-flex-column\"><div class=\"fusion-column-wrapper fusion-column-has-shadow fusion-flex-justify-content-flex-start fusion-content-layout-column\" style=\"background-position:left top;background-repeat:no-repeat;-webkit-background-size:cover;-moz-background-size:cover;-o-background-size:cover;background-size:cover;border-radius:8px 8px 8px 8px;background-color:#ffffff;border-width: 1px 1px 1px 1px;border-color:rgba(0,0,0,0.05);border-style:solid;border-radius:8px 8px 8px 8px;overflow:hidden;box-shadow:0px 2px 4px -1px rgba(0,0,0,0.05);;padding: 8% 10% 8% 10%;\"><style type=\"text\/css\">@media only screen and (max-width:1200px) {.fusion-title.fusion-title-1{margin-top:10px!important; margin-right:0px!important;margin-bottom:20px!important;margin-left:0px!important;}}@media only screen and (max-width:640px) {.fusion-title.fusion-title-1{margin-top:10px!important; margin-right:0px!important;margin-bottom:20px!important; margin-left:0px!important;}}<\/style><div class=\"fusion-title title fusion-title-1 fusion-sep-none fusion-title-text fusion-title-size-two\" style=\"margin-top:10px;margin-right:0px;margin-bottom:20px;margin-left:0px;\"><h2 class=\"title-heading-left\" style=\"margin:0;\">Importar de Uruguay<\/h2><\/div><div class=\"fusion-text fusion-text-1\"><p><strong>Uruguay elegido por el mundo: \u00a0<\/strong>El pa\u00eds ofrece importantes ventajas como proveedor de bienes y servicios de calidad con alto valor agregado. Su ubicaci\u00f3n geogr\u00e1fica lo posiciona como una plataforma log\u00edstica para exportar desde Uruguay a todo el mundo. Un pa\u00eds estable y confiable.<\/p>\n<\/div><ul class=\"fusion-checklist fusion-checklist-1 fusion-checklist-divider\" style=\"font-size:18px;line-height:30.6px;\"><li class=\"fusion-li-item\" style=\"border-bottom-color:#ffffff\"><span style=\"height:30.6px;width:30.6px;margin-right:12.6px;\" class=\"icon-wrapper circle-no\"><i class=\"fusion-li-icon icon-accountant-check\" style=\"color:#1a9eff;\" aria-hidden=\"true\"><\/i><\/span><div class=\"fusion-li-item-content\" style=\"margin-left:43.2px;\">\n<p>Ubicaci\u00f3n Estrat\u00e9gica<\/p>\n<\/div><\/li><li class=\"fusion-li-item\" style=\"border-bottom-color:#ffffff\"><span style=\"height:30.6px;width:30.6px;margin-right:12.6px;\" class=\"icon-wrapper circle-no\"><i class=\"fusion-li-icon icon-accountant-check\" style=\"color:#1a9eff;\" aria-hidden=\"true\"><\/i><\/span><div class=\"fusion-li-item-content\" style=\"margin-left:43.2px;\">\n<p>F\u00e1cil para hacer negocios<\/p>\n<\/div><\/li><li class=\"fusion-li-item\" style=\"border-bottom-color:#ffffff\"><span style=\"height:30.6px;width:30.6px;margin-right:12.6px;\" class=\"icon-wrapper circle-no\"><i class=\"fusion-li-icon icon-accountant-check\" style=\"color:#1a9eff;\" aria-hidden=\"true\"><\/i><\/span><div class=\"fusion-li-item-content\" style=\"margin-left:43.2px;\">\n<p>Est\u00e1ndares internacionales<\/p>\n<\/div><\/li><li class=\"fusion-li-item\" style=\"border-bottom-color:#ffffff\"><span style=\"height:30.6px;width:30.6px;margin-right:12.6px;\" class=\"icon-wrapper circle-no\"><i class=\"fusion-li-icon icon-accountant-check\" style=\"color:#1a9eff;\" aria-hidden=\"true\"><\/i><\/span><div class=\"fusion-li-item-content\" style=\"margin-left:43.2px;\">\n<p>Producci\u00f3n Natural e Innovadora<\/p>\n<\/div><\/li><li class=\"fusion-li-item\" style=\"border-bottom-color:#ffffff\"><span style=\"height:30.6px;width:30.6px;margin-right:12.6px;\" class=\"icon-wrapper circle-no\"><i class=\"fusion-li-icon icon-accountant-check\" style=\"color:#1a9eff;\" aria-hidden=\"true\"><\/i><\/span><div class=\"fusion-li-item-content\" style=\"margin-left:43.2px;\">\n<p>Talento nacional competitivo<\/p>\n<\/div><\/li><\/ul><div class=\"fusion-separator fusion-full-width-sep\" style=\"align-self: center;margin-left: auto;margin-right: auto;margin-top:20px;margin-bottom:20px;width:100%;\"><\/div><div ><style type=\"text\/css\">.fusion-button.button-1 .fusion-button-text, .fusion-button.button-1 i {color:#ffffff;}.fusion-button.button-1 .fusion-button-icon-divider{border-color:#ffffff;}.fusion-button.button-1:hover .fusion-button-text, .fusion-button.button-1:hover i,.fusion-button.button-1:focus .fusion-button-text, .fusion-button.button-1:focus i,.fusion-button.button-1:active .fusion-button-text, .fusion-button.button-1:active{color:#ffffff;}.fusion-button.button-1:hover .fusion-button-icon-divider, .fusion-button.button-1:hover .fusion-button-icon-divider, .fusion-button.button-1:active .fusion-button-icon-divider{border-color:#ffffff;}.fusion-button.button-1:hover, .fusion-button.button-1:focus, .fusion-button.button-1:active{border-color:#ffffff;}.fusion-button.button-1 {border-color:#ffffff;border-radius:32px;}.fusion-button.button-1{background: #1a9eff;}.fusion-button.button-1:hover,.button-1:focus,.fusion-button.button-1:active{background: #59b9ff;}<\/style><a class=\"fusion-button button-flat fusion-button-default-size button-custom button-1 fusion-button-default-span fusion-button-default-type\" target=\"_blank\" rel=\"noopener noreferrer\" href=\"https:\/\/www.buyfromuruguay.uy\/es\/\"><span class=\"fusion-button-text\">Ver M\u00e1s<\/span><\/a><\/div><\/div><style type=\"text\/css\">.fusion-body .fusion-builder-column-0{width:50% !important;margin-top : 20px;margin-bottom : 20px;}.fusion-builder-column-0 > .fusion-column-wrapper {padding-top : 8% !important;padding-right : 10% !important;margin-right : 3.84%;padding-bottom : 8% !important;padding-left : 10% !important;margin-left : 3.84%;}@media only screen and (max-width:1200px) {.fusion-body .fusion-builder-column-0{width:60% !important;order : 0;}.fusion-builder-column-0 > .fusion-column-wrapper {padding-top : 8% !important;padding-right : 8% !important;margin-right : 3.2%;padding-bottom : 8% !important;padding-left : 8% !important;margin-left : 3.2%;}}@media only screen and (max-width:640px) {.fusion-body .fusion-builder-column-0{width:100% !important;order : 0;}.fusion-builder-column-0 > .fusion-column-wrapper {margin-right : 1.92%;margin-left : 1.92%;}}<\/style><\/div><div class=\"fusion-layout-column fusion_builder_column fusion-builder-column-1 fusion_builder_column_1_2 1_2 fusion-flex-column\"><div class=\"fusion-column-wrapper fusion-flex-justify-content-flex-start fusion-content-layout-column\" style=\"background-position:left top;background-repeat:no-repeat;-webkit-background-size:cover;-moz-background-size:cover;-o-background-size:cover;background-size:cover;padding: 0px 0px 0px 0px;\"><div ><span class=\" fusion-imageframe imageframe-none imageframe-1 hover-type-none\" style=\"border-radius:12px;\"><img decoding=\"async\" width=\"800\" height=\"952\" title=\"importar_de_uruguay_nueva_imagen\" src=\"https:\/\/embassyofuruguay.us\/sanfrancisco\/wp-content\/uploads\/2021\/06\/importar_de_uruguay_nueva_imagen-1.jpg\" data-orig-src=\"http:\/\/embassyofuruguay.us\/wp-content\/uploads\/2021\/06\/importar_de_uruguay_nueva_imagen-1.jpg\" class=\"lazyload img-responsive wp-image-4394\" srcset=\"data:image\/svg+xml,%3Csvg%20xmlns%3D%27http%3A%2F%2Fwww.w3.org%2F2000%2Fsvg%27%20width%3D%27800%27%20height%3D%27952%27%20viewBox%3D%270%200%20800%20952%27%3E%3Crect%20width%3D%27800%27%20height%3D%27952%27%20fill-opacity%3D%220%22%2F%3E%3C%2Fsvg%3E\" data-srcset=\"https:\/\/embassyofuruguay.us\/sanfrancisco\/wp-content\/uploads\/2021\/06\/importar_de_uruguay_nueva_imagen-1-200x238.jpg 200w, https:\/\/embassyofuruguay.us\/sanfrancisco\/wp-content\/uploads\/2021\/06\/importar_de_uruguay_nueva_imagen-1-400x476.jpg 400w, https:\/\/embassyofuruguay.us\/sanfrancisco\/wp-content\/uploads\/2021\/06\/importar_de_uruguay_nueva_imagen-1-600x714.jpg 600w, https:\/\/embassyofuruguay.us\/sanfrancisco\/wp-content\/uploads\/2021\/06\/importar_de_uruguay_nueva_imagen-1.jpg 800w\" data-sizes=\"auto\" data-orig-sizes=\"(max-width: 640px) 100vw, 800px\" \/><\/span><\/div><\/div><style type=\"text\/css\">.fusion-body .fusion-builder-column-1{width:50% !important;margin-top : 20px;margin-bottom : 20px;}.fusion-builder-column-1 > .fusion-column-wrapper {padding-top : 0px !important;padding-right : 0px !important;margin-right : 3.84%;padding-bottom : 0px !important;padding-left : 0px !important;margin-left : 0px;}@media only screen and (max-width:1200px) {.fusion-body .fusion-builder-column-1{width:40% !important;order : 0;}.fusion-builder-column-1 > .fusion-column-wrapper {margin-right : 4.8%;margin-left : 0px;}}@media only screen and (max-width:640px) {.fusion-body .fusion-builder-column-1{width:100% !important;order : 0;margin-top : 0px;}.fusion-builder-column-1 > .fusion-column-wrapper {margin-right : 1.92%;margin-left : 1.92%;}}<\/style><\/div><\/div><style type=\"text\/css\">.fusion-body .fusion-flex-container.fusion-builder-row-1{ padding-top : 40px;margin-top : 0px;padding-right : 0px;padding-bottom : 0px;margin-bottom : 0px;padding-left : 0px;}@media only screen and (max-width:1200px) {.fusion-body .fusion-flex-container.fusion-builder-row-1{ padding-top : 24px;padding-bottom : 24px;}}@media only screen and (max-width:640px) {.fusion-body .fusion-flex-container.fusion-builder-row-1{ padding-top : 12px;padding-bottom : 0px;}}<\/style><\/div>\n","protected":false},"excerpt":{"rendered":"","protected":false},"author":7,"featured_media":0,"parent":0,"menu_order":0,"comment_status":"closed","ping_status":"closed","template":"100-width.php","meta":{"footnotes":""},"class_list":["post-2871","page","type-page","status-publish","hentry"],"yoast_head":"<!-- This site is optimized with the Yoast SEO plugin v26.9 - https:\/\/yoast.com\/product\/yoast-seo-wordpress\/ -->\n<title>Importar de Uruguay &#8226; Consulado de Uruguay en San Francisco<\/title>\n<meta name=\"robots\" content=\"index, follow, max-snippet:-1, max-image-preview:large, max-video-preview:-1\" \/>\n<link rel=\"canonical\" href=\"https:\/\/embassyofuruguay.us\/sanfrancisco\/index.php\/es\/importar-de-uruguay\/\" \/>\n<meta property=\"og:locale\" content=\"en_GB\" \/>\n<meta property=\"og:type\" content=\"article\" \/>\n<meta property=\"og:title\" content=\"Importar de Uruguay &#8226; Consulado de Uruguay en San Francisco\" \/>\n<meta property=\"og:url\" content=\"https:\/\/embassyofuruguay.us\/sanfrancisco\/index.php\/es\/importar-de-uruguay\/\" \/>\n<meta property=\"og:site_name\" content=\"Consulado de Uruguay en San Francisco\" \/>\n<meta property=\"article:publisher\" content=\"https:\/\/www.facebook.com\/UruguayenWashingtonDC\/\" \/>\n<meta property=\"article:modified_time\" content=\"2021-06-25T23:04:32+00:00\" \/>\n<meta name=\"twitter:card\" content=\"summary_large_image\" \/>\n<meta name=\"twitter:site\" content=\"@UruguayinUSA\" \/>\n<meta name=\"twitter:label1\" content=\"Estimated reading time\" \/>\n\t<meta name=\"twitter:data1\" content=\"8 minutes\" \/>\n<script type=\"application\/ld+json\" class=\"yoast-schema-graph\">{\"@context\":\"https:\/\/schema.org\",\"@graph\":[{\"@type\":\"WebPage\",\"@id\":\"https:\/\/embassyofuruguay.us\/sanfrancisco\/index.php\/es\/importar-de-uruguay\/\",\"url\":\"https:\/\/embassyofuruguay.us\/sanfrancisco\/index.php\/es\/importar-de-uruguay\/\",\"name\":\"Importar de Uruguay &#8226; Consulado de Uruguay en San Francisco\",\"isPartOf\":{\"@id\":\"https:\/\/embassyofuruguay.us\/sanfrancisco\/#website\"},\"datePublished\":\"2021-05-18T16:20:20+00:00\",\"dateModified\":\"2021-06-25T23:04:32+00:00\",\"breadcrumb\":{\"@id\":\"https:\/\/embassyofuruguay.us\/sanfrancisco\/index.php\/es\/importar-de-uruguay\/#breadcrumb\"},\"inLanguage\":\"en-GB\",\"potentialAction\":[{\"@type\":\"ReadAction\",\"target\":[\"https:\/\/embassyofuruguay.us\/sanfrancisco\/index.php\/es\/importar-de-uruguay\/\"]}]},{\"@type\":\"BreadcrumbList\",\"@id\":\"https:\/\/embassyofuruguay.us\/sanfrancisco\/index.php\/es\/importar-de-uruguay\/#breadcrumb\",\"itemListElement\":[{\"@type\":\"ListItem\",\"position\":1,\"name\":\"Portada\",\"item\":\"https:\/\/embassyofuruguay.us\/sanfrancisco\/index.php\/es\/embajada-homepage-en\/\"},{\"@type\":\"ListItem\",\"position\":2,\"name\":\"Importar de Uruguay\"}]},{\"@type\":\"WebSite\",\"@id\":\"https:\/\/embassyofuruguay.us\/sanfrancisco\/#website\",\"url\":\"https:\/\/embassyofuruguay.us\/sanfrancisco\/\",\"name\":\"Embajada de Uruguay en los Estados Unidos\",\"description\":\"Sitio web institucional del consulado de Uruguay en San Francisco\",\"publisher\":{\"@id\":\"https:\/\/embassyofuruguay.us\/sanfrancisco\/#organization\"},\"potentialAction\":[{\"@type\":\"SearchAction\",\"target\":{\"@type\":\"EntryPoint\",\"urlTemplate\":\"https:\/\/embassyofuruguay.us\/sanfrancisco\/?s={search_term_string}\"},\"query-input\":{\"@type\":\"PropertyValueSpecification\",\"valueRequired\":true,\"valueName\":\"search_term_string\"}}],\"inLanguage\":\"en-GB\"},{\"@type\":\"Organization\",\"@id\":\"https:\/\/embassyofuruguay.us\/sanfrancisco\/#organization\",\"name\":\"Embajada de Uruguay en los Estados Unidos\",\"url\":\"https:\/\/embassyofuruguay.us\/sanfrancisco\/\",\"logo\":{\"@type\":\"ImageObject\",\"inLanguage\":\"en-GB\",\"@id\":\"https:\/\/embassyofuruguay.us\/sanfrancisco\/#\/schema\/logo\/image\/\",\"url\":\"http:\/\/embassyofuruguay.us\/wp-content\/uploads\/2021\/04\/logo_embajada_bottom.png\",\"contentUrl\":\"http:\/\/embassyofuruguay.us\/wp-content\/uploads\/2021\/04\/logo_embajada_bottom.png\",\"width\":218,\"height\":130,\"caption\":\"Embajada de Uruguay en los Estados Unidos\"},\"image\":{\"@id\":\"https:\/\/embassyofuruguay.us\/sanfrancisco\/#\/schema\/logo\/image\/\"},\"sameAs\":[\"https:\/\/www.facebook.com\/UruguayenWashingtonDC\/\",\"https:\/\/x.com\/UruguayinUSA\",\"https:\/\/www.instagram.com\/uruguay.embajada.us\/?igshid=jcgmy9h37fv9\",\"https:\/\/www.linkedin.com\/company\/embassy-of-uruguay-in-the-usa\"]}]}<\/script>\n<!-- \/ Yoast SEO plugin. -->","yoast_head_json":{"title":"Importar de Uruguay &#8226; Consulado de Uruguay en San Francisco","robots":{"index":"index","follow":"follow","max-snippet":"max-snippet:-1","max-image-preview":"max-image-preview:large","max-video-preview":"max-video-preview:-1"},"canonical":"https:\/\/embassyofuruguay.us\/sanfrancisco\/index.php\/es\/importar-de-uruguay\/","og_locale":"en_GB","og_type":"article","og_title":"Importar de Uruguay &#8226; Consulado de Uruguay en San Francisco","og_url":"https:\/\/embassyofuruguay.us\/sanfrancisco\/index.php\/es\/importar-de-uruguay\/","og_site_name":"Consulado de Uruguay en San Francisco","article_publisher":"https:\/\/www.facebook.com\/UruguayenWashingtonDC\/","article_modified_time":"2021-06-25T23:04:32+00:00","twitter_card":"summary_large_image","twitter_site":"@UruguayinUSA","twitter_misc":{"Estimated reading time":"8 minutes"},"schema":{"@context":"https:\/\/schema.org","@graph":[{"@type":"WebPage","@id":"https:\/\/embassyofuruguay.us\/sanfrancisco\/index.php\/es\/importar-de-uruguay\/","url":"https:\/\/embassyofuruguay.us\/sanfrancisco\/index.php\/es\/importar-de-uruguay\/","name":"Importar de Uruguay &#8226; Consulado de Uruguay en San Francisco","isPartOf":{"@id":"https:\/\/embassyofuruguay.us\/sanfrancisco\/#website"},"datePublished":"2021-05-18T16:20:20+00:00","dateModified":"2021-06-25T23:04:32+00:00","breadcrumb":{"@id":"https:\/\/embassyofuruguay.us\/sanfrancisco\/index.php\/es\/importar-de-uruguay\/#breadcrumb"},"inLanguage":"en-GB","potentialAction":[{"@type":"ReadAction","target":["https:\/\/embassyofuruguay.us\/sanfrancisco\/index.php\/es\/importar-de-uruguay\/"]}]},{"@type":"BreadcrumbList","@id":"https:\/\/embassyofuruguay.us\/sanfrancisco\/index.php\/es\/importar-de-uruguay\/#breadcrumb","itemListElement":[{"@type":"ListItem","position":1,"name":"Portada","item":"https:\/\/embassyofuruguay.us\/sanfrancisco\/index.php\/es\/embajada-homepage-en\/"},{"@type":"ListItem","position":2,"name":"Importar de Uruguay"}]},{"@type":"WebSite","@id":"https:\/\/embassyofuruguay.us\/sanfrancisco\/#website","url":"https:\/\/embassyofuruguay.us\/sanfrancisco\/","name":"Embajada de Uruguay en los Estados Unidos","description":"Sitio web institucional del consulado de Uruguay en San Francisco","publisher":{"@id":"https:\/\/embassyofuruguay.us\/sanfrancisco\/#organization"},"potentialAction":[{"@type":"SearchAction","target":{"@type":"EntryPoint","urlTemplate":"https:\/\/embassyofuruguay.us\/sanfrancisco\/?s={search_term_string}"},"query-input":{"@type":"PropertyValueSpecification","valueRequired":true,"valueName":"search_term_string"}}],"inLanguage":"en-GB"},{"@type":"Organization","@id":"https:\/\/embassyofuruguay.us\/sanfrancisco\/#organization","name":"Embajada de Uruguay en los Estados Unidos","url":"https:\/\/embassyofuruguay.us\/sanfrancisco\/","logo":{"@type":"ImageObject","inLanguage":"en-GB","@id":"https:\/\/embassyofuruguay.us\/sanfrancisco\/#\/schema\/logo\/image\/","url":"http:\/\/embassyofuruguay.us\/wp-content\/uploads\/2021\/04\/logo_embajada_bottom.png","contentUrl":"http:\/\/embassyofuruguay.us\/wp-content\/uploads\/2021\/04\/logo_embajada_bottom.png","width":218,"height":130,"caption":"Embajada de Uruguay en los Estados Unidos"},"image":{"@id":"https:\/\/embassyofuruguay.us\/sanfrancisco\/#\/schema\/logo\/image\/"},"sameAs":["https:\/\/www.facebook.com\/UruguayenWashingtonDC\/","https:\/\/x.com\/UruguayinUSA","https:\/\/www.instagram.com\/uruguay.embajada.us\/?igshid=jcgmy9h37fv9","https:\/\/www.linkedin.com\/company\/embassy-of-uruguay-in-the-usa"]}]}},"_links":{"self":[{"href":"https:\/\/embassyofuruguay.us\/sanfrancisco\/index.php\/wp-json\/wp\/v2\/pages\/2871","targetHints":{"allow":["GET"]}}],"collection":[{"href":"https:\/\/embassyofuruguay.us\/sanfrancisco\/index.php\/wp-json\/wp\/v2\/pages"}],"about":[{"href":"https:\/\/embassyofuruguay.us\/sanfrancisco\/index.php\/wp-json\/wp\/v2\/types\/page"}],"author":[{"embeddable":true,"href":"https:\/\/embassyofuruguay.us\/sanfrancisco\/index.php\/wp-json\/wp\/v2\/users\/7"}],"replies":[{"embeddable":true,"href":"https:\/\/embassyofuruguay.us\/sanfrancisco\/index.php\/wp-json\/wp\/v2\/comments?post=2871"}],"version-history":[{"count":18,"href":"https:\/\/embassyofuruguay.us\/sanfrancisco\/index.php\/wp-json\/wp\/v2\/pages\/2871\/revisions"}],"predecessor-version":[{"id":4398,"href":"https:\/\/embassyofuruguay.us\/sanfrancisco\/index.php\/wp-json\/wp\/v2\/pages\/2871\/revisions\/4398"}],"wp:attachment":[{"href":"https:\/\/embassyofuruguay.us\/sanfrancisco\/index.php\/wp-json\/wp\/v2\/media?parent=2871"}],"curies":[{"name":"wp","href":"https:\/\/api.w.org\/{rel}","templated":true}]}}