{"id":3059,"date":"2021-05-21T17:23:03","date_gmt":"2021-05-21T17:23:03","guid":{"rendered":"http:\/\/embassyofuruguay.us\/?page_id=3059"},"modified":"2022-09-08T09:50:25","modified_gmt":"2022-09-08T16:50:25","slug":"covid-19","status":"publish","type":"page","link":"https:\/\/embassyofuruguay.us\/sanfrancisco\/index.php\/es\/covid-19\/","title":{"rendered":"COVID-19"},"content":{"rendered":"<p><div class=\"fusion-fullwidth fullwidth-box fusion-builder-row-1 fusion-flex-container nonhundred-percent-fullwidth non-hundred-percent-height-scrolling\" style=\"background-color: rgba(255,255,255,0);background-position: center center;background-repeat: no-repeat;border-width: 0px 0px 0px 0px;border-color:#e8ebef;border-style:solid;\" ><div class=\"fusion-builder-row fusion-row fusion-flex-align-items-flex-start\" style=\"max-width:1310.4px;margin-left: calc(-4% \/ 2 );margin-right: calc(-4% \/ 2 );\"><div class=\"fusion-layout-column fusion_builder_column fusion-builder-column-0 fusion_builder_column_1_1 1_1 fusion-flex-column fusion-flex-align-self-center\"><div class=\"fusion-column-wrapper fusion-flex-justify-content-flex-start fusion-content-layout-column\" style=\"background-position:left top;background-repeat:no-repeat;-webkit-background-size:cover;-moz-background-size:cover;-o-background-size:cover;background-size:cover;padding: 0px 0px 0px 0px;\"><ul class=\"fusion-checklist fusion-checklist-1\" style=\"font-size:18px;line-height:30.6px;\"><li class=\"fusion-li-item\"><span style=\"height:30.6px;width:30.6px;margin-right:12.6px;\" class=\"icon-wrapper circle-no\"><i class=\"fusion-li-icon icon-accountant-check\" style=\"color:#1a9eff;\" aria-hidden=\"true\"><\/i><\/span><div class=\"fusion-li-item-content\" style=\"margin-left:43.2px;\">\n<div class=\"fusion-li-item-content\">\n<div class=\"fusion-text fusion-text-1\">\n<p>&nbsp;<\/p>\n<div class=\"fusion-row\">\n<section id=\"content\" class=\"full-width\">\n<div id=\"post-3059\" class=\"post-3059 page type-page status-publish hentry\">\n<div class=\"post-content\">\n<div class=\"fusion-fullwidth fullwidth-box fusion-builder-row-4 fusion-flex-container nonhundred-percent-fullwidth non-hundred-percent-height-scrolling\">\n<div class=\"fusion-builder-row fusion-row fusion-flex-align-items-flex-start\">\n<div class=\"fusion-layout-column fusion_builder_column fusion-builder-column-6 fusion_builder_column_1_1 1_1 fusion-flex-column fusion-flex-align-self-center\">\n<div class=\"fusion-column-wrapper fusion-flex-justify-content-flex-start fusion-content-layout-column\">\n<div class=\"fusion-title title fusion-title-1 fusion-sep-none fusion-title-text fusion-title-size-two fusion-border-below-title\">\n<h2 class=\"title-heading-left\">COVID-19<\/h2>\n<\/div>\n<div class=\"fusion-title title fusion-title-2 fusion-sep-none fusion-title-text fusion-title-size-two fusion-border-below-title\">\n<h2 class=\"title-heading-left\">Personas autorizadas para ingresar a Uruguay<\/h2>\n<\/div>\n<div class=\"fusion-text fusion-text-1\">\n<p><strong>R\u00e9gimen de ingreso de ciudadanos uruguayos y extranjeros<\/strong><\/p>\n<p><strong>Ciudadanos uruguayos y extranjeros vacunados<\/strong><\/p>\n<p>Requisitos:<\/p>\n<\/div>\n<ul class=\"fusion-checklist fusion-checklist-1\">\n<li class=\"fusion-li-item\"><i class=\"fusion-li-icon icon-accountant-check\" aria-hidden=\"true\"><\/i>\n<div class=\"fusion-li-item-content\">\n<p><strong>Vacunaci\u00f3n:\u00a0<\/strong>Haber recibido la \u00fanica dosis o las dos dosis contra el virus SARS-CoV-2 (seg\u00fan corresponda al tipo de vacuna suministrada) aprobadas por su pa\u00eds de origen. Deber\u00e1n acreditar la vacunaci\u00f3n mediante certificado emitido por la autoridad sanitaria de su pa\u00eds de origen.<\/p>\n<\/div>\n<\/li>\n<li class=\"fusion-li-item\"><i class=\"fusion-li-icon icon-accountant-check\" aria-hidden=\"true\"><\/i>\n<div class=\"fusion-li-item-content\">\n<p><strong>Test previo al ingreso:\u00a0<\/strong>No necesitan realizar uno.<\/p>\n<\/div>\n<\/li>\n<li class=\"fusion-li-item\"><i class=\"fusion-li-icon icon-accountant-check\" aria-hidden=\"true\"><\/i>\n<div class=\"fusion-li-item-content\">\n<p><strong>Test posterior al ingreso:\u00a0<\/strong>No necesitan realizarse un test al s\u00e9ptimo d\u00eda.<\/p>\n<\/div>\n<\/li>\n<li class=\"fusion-li-item\"><i class=\"fusion-li-icon icon-accountant-check\" aria-hidden=\"true\"><\/i>\n<div class=\"fusion-li-item-content\">\n<p><strong>Cobertura de salud:\u00a0<\/strong>En caso de ser extranjero debe disponer de cobertura de salud\/seguro m\u00e9dico en Uruguay.<\/p>\n<\/div>\n<\/li>\n<\/ul>\n<div class=\"fusion-separator fusion-full-width-sep\"><\/div>\n<div class=\"fusion-text fusion-text-2\">\n<p><strong>Ciudadanos uruguayos y extranjeros que ya cursaron la enfermedad COVID-19 dentro de los \u00faltimos 90 (noventa) d\u00edas previos al embarque o arribo al pa\u00eds<\/strong><\/p>\n<p>Requisitos:<\/p>\n<\/div>\n<ul class=\"fusion-checklist fusion-checklist-2\">\n<li class=\"fusion-li-item\"><i class=\"fusion-li-icon icon-accountant-check\" aria-hidden=\"true\"><\/i>\n<div class=\"fusion-li-item-content\">\n<p><strong>Acreditar la enfermedad:\u00a0<\/strong>Presentar el resultado positivo de test por t\u00e9cnica de biolog\u00eda molecular PCR-RT o test de detecci\u00f3n de ant\u00edgenos, realizado entre un m\u00e1ximo de 90 (noventa) d\u00edas y hasta 10 (diez) d\u00edas previos al embarque o arribo al pa\u00eds.<\/p>\n<\/div>\n<\/li>\n<li class=\"fusion-li-item\"><i class=\"fusion-li-icon icon-accountant-check\" aria-hidden=\"true\"><\/i>\n<div class=\"fusion-li-item-content\">\n<p><strong>Test previo al ingreso:\u00a0<\/strong>No necesitan realizar uno.<\/p>\n<\/div>\n<\/li>\n<li class=\"fusion-li-item\"><i class=\"fusion-li-icon icon-accountant-check\" aria-hidden=\"true\"><\/i>\n<div class=\"fusion-li-item-content\">\n<p><strong>Test posterior al ingreso:\u00a0<\/strong>No necesitan realizarse un test al s\u00e9ptimo d\u00eda.<\/p>\n<\/div>\n<\/li>\n<li class=\"fusion-li-item\"><i class=\"fusion-li-icon icon-accountant-check\" aria-hidden=\"true\"><\/i>\n<div class=\"fusion-li-item-content\">\n<p><strong>Cobertura de salud:\u00a0<\/strong>En caso de ser extranjero debe disponer de cobertura de salud\/seguro m\u00e9dico en Uruguay.<\/p>\n<\/div>\n<\/li>\n<\/ul>\n<div class=\"fusion-separator fusion-full-width-sep\"><\/div>\n<div class=\"fusion-text fusion-text-3\">\n<p><strong>Todos los dem\u00e1s ciudadanos uruguayos y extranjeros<\/strong><\/p>\n<p>Requisitos:<\/p>\n<\/div>\n<ul class=\"fusion-checklist fusion-checklist-3\">\n<li class=\"fusion-li-item\"><i class=\"fusion-li-icon icon-accountant-check\" aria-hidden=\"true\"><\/i>\n<div class=\"fusion-li-item-content\">\n<p><strong>Test previo al ingreso:\u00a0<\/strong>Acreditar un resultado negativo de test de detecci\u00f3n de virus SARS-CoV-2 (por t\u00e9cnica de biolog\u00eda molecular PCR-RT o test de ant\u00edgenos), realizado no m\u00e1s de 72 (setenta y dos) horas antes del inicio del viaje, en un laboratorio habilitado en el pa\u00eds de origen o tr\u00e1nsito. En caso de que el ingreso al pa\u00eds sea a trav\u00e9s de un medio de transporte comercial de pasajeros, la acreditaci\u00f3n del test negativo deber\u00e1 ser realizada previa al embarque ante la compa\u00f1\u00eda correspondiente. Quedan exceptuados de realizarlo los menores de 6 a\u00f1os de edad.<\/p>\n<\/div>\n<\/li>\n<li class=\"fusion-li-item\"><i class=\"fusion-li-icon icon-accountant-check\" aria-hidden=\"true\"><\/i>\n<div class=\"fusion-li-item-content\">\n<p><strong>Test posterior al ingreso:<\/strong>\u00a0No necesitan realizar uno.<\/p>\n<\/div>\n<\/li>\n<li class=\"fusion-li-item\"><i class=\"fusion-li-icon icon-accountant-check\" aria-hidden=\"true\"><\/i>\n<div class=\"fusion-li-item-content\">\n<p><strong>Cobertura de salud:\u00a0<\/strong>En caso de ser extranjero debe disponer de cobertura de salud\/seguro m\u00e9dico en Uruguay.<\/p>\n<\/div>\n<\/li>\n<\/ul>\n<div class=\"fusion-separator fusion-full-width-sep\"><\/div>\n<div class=\"fusion-text fusion-text-4\">\n<p><strong>Medidas luego del ingreso al pa\u00eds<\/strong><\/p>\n<\/div>\n<ul class=\"fusion-checklist fusion-checklist-4\">\n<li class=\"fusion-li-item\"><i class=\"fusion-li-icon icon-accountant-check\" aria-hidden=\"true\"><\/i>\n<div class=\"fusion-li-item-content\">\n<p>Utilizar mascarilla facial de forma adecuada (cobertura de boca, nariz y ment\u00f3n), en las oportunidades de contacto, a menos de dos metros de distancia con otras personas.<\/p>\n<\/div>\n<\/li>\n<li class=\"fusion-li-item\"><i class=\"fusion-li-icon icon-accountant-check\" aria-hidden=\"true\"><\/i>\n<div class=\"fusion-li-item-content\">\n<p>Disponer de cobertura de salud en Uruguay o seguro m\u00e9dico en caso de extranjero..<\/p>\n<\/div>\n<\/li>\n<li class=\"fusion-li-item\"><i class=\"fusion-li-icon icon-accountant-check\" aria-hidden=\"true\"><\/i>\n<div class=\"fusion-li-item-content\">\n<p>Dar cumplimiento a las medidas de prevenci\u00f3n de contagio que la autoridad sanitaria determine.<\/p>\n<\/div>\n<\/li>\n<\/ul>\n<div class=\"fusion-text fusion-text-5\">\n<p><strong>Ante la aparici\u00f3n de s\u00edntomas compatibles con la enfermedad\u00a0SARS-CoV-2\u00a0deber\u00e1 realizar la consulta m\u00e9dica inmediata.<\/strong><\/p>\n<p>Por informaci\u00f3n adicional visite el siguiente sitio\u00a0<a href=\"https:\/\/www.gub.uy\/ministerio-salud-publica\/comunicacion\/publicaciones\/requisitos-para-ingreso-uruguay-personas-nacionales-extranjeras\">web.<\/a><\/p>\n<\/div>\n<\/div>\n<\/div>\n<\/div>\n<\/div>\n<div class=\"fusion-fullwidth fullwidth-box fusion-builder-row-5 fusion-flex-container nonhundred-percent-fullwidth non-hundred-percent-height-scrolling\">\n<div class=\"fusion-builder-row fusion-row fusion-flex-align-items-center\"><\/div>\n<\/div>\n<\/div>\n<\/div>\n<\/section>\n<\/div>\n<p>&nbsp;<\/p>\n<section class=\"fusion-tb-footer fusion-footer\">\n<div class=\"fusion-footer-widget-area fusion-widget-area\">\n<div class=\"fusion-fullwidth fullwidth-box fusion-builder-row-6 fusion-flex-container nonhundred-percent-fullwidth non-hundred-percent-height-scrolling\">\n<div class=\"fusion-builder-row fusion-row fusion-flex-align-items-center\">\n<div class=\"fusion-layout-column fusion_builder_column fusion-builder-column-7 fusion_builder_column_1_3 1_3 fusion-flex-column\">\n<div class=\"fusion-column-wrapper fusion-flex-justify-content-flex-start fusion-content-layout-column\">\n<div class=\"fusion-text fusion-text-6 sm-text-align-center\">\n<p>Copyright \u00a9 2022 Todos los derechos reservados<\/p>\n<\/div>\n<\/div>\n<\/div>\n<div class=\"fusion-layout-column fusion_builder_column fusion-builder-column-8 fusion_builder_column_1_3 1_3 fusion-flex-column\"><\/div>\n<\/div>\n<\/div>\n<\/div>\n<\/section>\n<\/div>\n<\/div>\n<\/div><\/li><\/ul><div class=\"fusion-separator fusion-full-width-sep\" style=\"align-self: center;margin-left: auto;margin-right: auto;margin-top:20px;margin-bottom:20px;width:100%;\"><\/div><\/div><style type=\"text\/css\">.fusion-body .fusion-builder-column-0{width:100% !important;margin-top : 20px;margin-bottom : 20px;}.fusion-builder-column-0 > .fusion-column-wrapper {padding-top : 0px !important;padding-right : 0px !important;margin-right : 1.92%;padding-bottom : 0px !important;padding-left : 0px !important;margin-left : 1.92%;}@media only screen and (max-width:1200px) {.fusion-body .fusion-builder-column-0{width:100% !important;order : 0;}.fusion-builder-column-0 > .fusion-column-wrapper {margin-right : 1.92%;margin-left : 1.92%;}}@media only screen and (max-width:640px) {.fusion-body .fusion-builder-column-0{width:100% !important;order : 0;}.fusion-builder-column-0 > .fusion-column-wrapper {margin-right : 1.92%;margin-left : 1.92%;}}<\/style><\/div><\/div><style type=\"text\/css\">.fusion-body .fusion-flex-container.fusion-builder-row-1{ padding-top : 0px;margin-top : 0px;padding-right : 0px;padding-bottom : 1px;margin-bottom : 0px;padding-left : 0px;}<\/style><\/div><div class=\"fusion-fullwidth fullwidth-box fusion-builder-row-2 fusion-flex-container nonhundred-percent-fullwidth non-hundred-percent-height-scrolling\" style=\"background-color: rgba(255,255,255,0);background-position: center center;background-repeat: no-repeat;border-width: 0px 0px 0px 0px;border-color:#e8ebef;border-style:solid;\" ><div class=\"fusion-builder-row fusion-row fusion-flex-align-items-center\" style=\"max-width:1310.4px;margin-left: calc(-4% \/ 2 );margin-right: calc(-4% \/ 2 );\"><div class=\"fusion-layout-column fusion_builder_column fusion-builder-column-1 fusion_builder_column_1_1 1_1 fusion-flex-column fusion-flex-align-self-center\"><div class=\"fusion-column-wrapper fusion-flex-justify-content-flex-start fusion-content-layout-column\" style=\"background-position:left top;background-repeat:no-repeat;-webkit-background-size:cover;-moz-background-size:cover;-o-background-size:cover;background-size:cover;padding: 0px 0px 0px 0px;\"><\/div><style type=\"text\/css\">.fusion-body .fusion-builder-column-1{width:100% !important;margin-top : 20px;margin-bottom : 20px;}.fusion-builder-column-1 > .fusion-column-wrapper {padding-top : 0px !important;padding-right : 0px !important;margin-right : 1.92%;padding-bottom : 0px !important;padding-left : 0px !important;margin-left : 1.92%;}@media only screen and (max-width:1200px) {.fusion-body .fusion-builder-column-1{width:100% !important;order : 0;}.fusion-builder-column-1 > .fusion-column-wrapper {margin-right : 1.92%;margin-left : 1.92%;}}@media only screen and (max-width:640px) {.fusion-body .fusion-builder-column-1{width:100% !important;order : 0;}.fusion-builder-column-1 > .fusion-column-wrapper {margin-right : 1.92%;margin-left : 1.92%;}}<\/style><\/div><\/div><style type=\"text\/css\">.fusion-body .fusion-flex-container.fusion-builder-row-2{ padding-top : 1px;margin-top : 0px;padding-right : 0px;padding-bottom : 3px;margin-bottom : 0px;padding-left : 0px;}<\/style><\/div><\/p>\n","protected":false},"excerpt":{"rendered":"","protected":false},"author":7,"featured_media":0,"parent":0,"menu_order":0,"comment_status":"closed","ping_status":"closed","template":"100-width.php","meta":{"footnotes":""},"class_list":["post-3059","page","type-page","status-publish","hentry"],"yoast_head":"<!-- This site is optimized with the Yoast SEO plugin v26.9 - https:\/\/yoast.com\/product\/yoast-seo-wordpress\/ -->\n<title>COVID-19 &#8226; Consulado de Uruguay en San Francisco<\/title>\n<meta name=\"robots\" content=\"index, follow, max-snippet:-1, max-image-preview:large, max-video-preview:-1\" \/>\n<link rel=\"canonical\" href=\"https:\/\/embassyofuruguay.us\/sanfrancisco\/index.php\/es\/covid-19\/\" \/>\n<meta property=\"og:locale\" content=\"en_GB\" \/>\n<meta property=\"og:type\" content=\"article\" \/>\n<meta property=\"og:title\" content=\"COVID-19 &#8226; Consulado de Uruguay en San Francisco\" \/>\n<meta property=\"og:url\" content=\"https:\/\/embassyofuruguay.us\/sanfrancisco\/index.php\/es\/covid-19\/\" \/>\n<meta property=\"og:site_name\" content=\"Consulado de Uruguay en San Francisco\" \/>\n<meta property=\"article:publisher\" content=\"https:\/\/www.facebook.com\/UruguayenWashingtonDC\/\" \/>\n<meta property=\"article:modified_time\" content=\"2022-09-08T16:50:25+00:00\" \/>\n<meta name=\"twitter:card\" content=\"summary_large_image\" \/>\n<meta name=\"twitter:site\" content=\"@UruguayinUSA\" \/>\n<meta name=\"twitter:label1\" content=\"Estimated reading time\" \/>\n\t<meta name=\"twitter:data1\" content=\"9 minutes\" \/>\n<script type=\"application\/ld+json\" class=\"yoast-schema-graph\">{\"@context\":\"https:\/\/schema.org\",\"@graph\":[{\"@type\":\"WebPage\",\"@id\":\"https:\/\/embassyofuruguay.us\/sanfrancisco\/index.php\/es\/covid-19\/\",\"url\":\"https:\/\/embassyofuruguay.us\/sanfrancisco\/index.php\/es\/covid-19\/\",\"name\":\"COVID-19 &#8226; Consulado de Uruguay en San Francisco\",\"isPartOf\":{\"@id\":\"https:\/\/embassyofuruguay.us\/sanfrancisco\/#website\"},\"datePublished\":\"2021-05-21T17:23:03+00:00\",\"dateModified\":\"2022-09-08T16:50:25+00:00\",\"breadcrumb\":{\"@id\":\"https:\/\/embassyofuruguay.us\/sanfrancisco\/index.php\/es\/covid-19\/#breadcrumb\"},\"inLanguage\":\"en-GB\",\"potentialAction\":[{\"@type\":\"ReadAction\",\"target\":[\"https:\/\/embassyofuruguay.us\/sanfrancisco\/index.php\/es\/covid-19\/\"]}]},{\"@type\":\"BreadcrumbList\",\"@id\":\"https:\/\/embassyofuruguay.us\/sanfrancisco\/index.php\/es\/covid-19\/#breadcrumb\",\"itemListElement\":[{\"@type\":\"ListItem\",\"position\":1,\"name\":\"Portada\",\"item\":\"https:\/\/embassyofuruguay.us\/sanfrancisco\/index.php\/es\/embajada-homepage-en\/\"},{\"@type\":\"ListItem\",\"position\":2,\"name\":\"COVID-19\"}]},{\"@type\":\"WebSite\",\"@id\":\"https:\/\/embassyofuruguay.us\/sanfrancisco\/#website\",\"url\":\"https:\/\/embassyofuruguay.us\/sanfrancisco\/\",\"name\":\"Embajada de Uruguay en los Estados Unidos\",\"description\":\"Sitio web institucional del consulado de Uruguay en San Francisco\",\"publisher\":{\"@id\":\"https:\/\/embassyofuruguay.us\/sanfrancisco\/#organization\"},\"potentialAction\":[{\"@type\":\"SearchAction\",\"target\":{\"@type\":\"EntryPoint\",\"urlTemplate\":\"https:\/\/embassyofuruguay.us\/sanfrancisco\/?s={search_term_string}\"},\"query-input\":{\"@type\":\"PropertyValueSpecification\",\"valueRequired\":true,\"valueName\":\"search_term_string\"}}],\"inLanguage\":\"en-GB\"},{\"@type\":\"Organization\",\"@id\":\"https:\/\/embassyofuruguay.us\/sanfrancisco\/#organization\",\"name\":\"Embajada de Uruguay en los Estados Unidos\",\"url\":\"https:\/\/embassyofuruguay.us\/sanfrancisco\/\",\"logo\":{\"@type\":\"ImageObject\",\"inLanguage\":\"en-GB\",\"@id\":\"https:\/\/embassyofuruguay.us\/sanfrancisco\/#\/schema\/logo\/image\/\",\"url\":\"http:\/\/embassyofuruguay.us\/wp-content\/uploads\/2021\/04\/logo_embajada_bottom.png\",\"contentUrl\":\"http:\/\/embassyofuruguay.us\/wp-content\/uploads\/2021\/04\/logo_embajada_bottom.png\",\"width\":218,\"height\":130,\"caption\":\"Embajada de Uruguay en los Estados Unidos\"},\"image\":{\"@id\":\"https:\/\/embassyofuruguay.us\/sanfrancisco\/#\/schema\/logo\/image\/\"},\"sameAs\":[\"https:\/\/www.facebook.com\/UruguayenWashingtonDC\/\",\"https:\/\/x.com\/UruguayinUSA\",\"https:\/\/www.instagram.com\/uruguay.embajada.us\/?igshid=jcgmy9h37fv9\",\"https:\/\/www.linkedin.com\/company\/embassy-of-uruguay-in-the-usa\"]}]}<\/script>\n<!-- \/ Yoast SEO plugin. -->","yoast_head_json":{"title":"COVID-19 &#8226; Consulado de Uruguay en San Francisco","robots":{"index":"index","follow":"follow","max-snippet":"max-snippet:-1","max-image-preview":"max-image-preview:large","max-video-preview":"max-video-preview:-1"},"canonical":"https:\/\/embassyofuruguay.us\/sanfrancisco\/index.php\/es\/covid-19\/","og_locale":"en_GB","og_type":"article","og_title":"COVID-19 &#8226; Consulado de Uruguay en San Francisco","og_url":"https:\/\/embassyofuruguay.us\/sanfrancisco\/index.php\/es\/covid-19\/","og_site_name":"Consulado de Uruguay en San Francisco","article_publisher":"https:\/\/www.facebook.com\/UruguayenWashingtonDC\/","article_modified_time":"2022-09-08T16:50:25+00:00","twitter_card":"summary_large_image","twitter_site":"@UruguayinUSA","twitter_misc":{"Estimated reading time":"9 minutes"},"schema":{"@context":"https:\/\/schema.org","@graph":[{"@type":"WebPage","@id":"https:\/\/embassyofuruguay.us\/sanfrancisco\/index.php\/es\/covid-19\/","url":"https:\/\/embassyofuruguay.us\/sanfrancisco\/index.php\/es\/covid-19\/","name":"COVID-19 &#8226; Consulado de Uruguay en San Francisco","isPartOf":{"@id":"https:\/\/embassyofuruguay.us\/sanfrancisco\/#website"},"datePublished":"2021-05-21T17:23:03+00:00","dateModified":"2022-09-08T16:50:25+00:00","breadcrumb":{"@id":"https:\/\/embassyofuruguay.us\/sanfrancisco\/index.php\/es\/covid-19\/#breadcrumb"},"inLanguage":"en-GB","potentialAction":[{"@type":"ReadAction","target":["https:\/\/embassyofuruguay.us\/sanfrancisco\/index.php\/es\/covid-19\/"]}]},{"@type":"BreadcrumbList","@id":"https:\/\/embassyofuruguay.us\/sanfrancisco\/index.php\/es\/covid-19\/#breadcrumb","itemListElement":[{"@type":"ListItem","position":1,"name":"Portada","item":"https:\/\/embassyofuruguay.us\/sanfrancisco\/index.php\/es\/embajada-homepage-en\/"},{"@type":"ListItem","position":2,"name":"COVID-19"}]},{"@type":"WebSite","@id":"https:\/\/embassyofuruguay.us\/sanfrancisco\/#website","url":"https:\/\/embassyofuruguay.us\/sanfrancisco\/","name":"Embajada de Uruguay en los Estados Unidos","description":"Sitio web institucional del consulado de Uruguay en San Francisco","publisher":{"@id":"https:\/\/embassyofuruguay.us\/sanfrancisco\/#organization"},"potentialAction":[{"@type":"SearchAction","target":{"@type":"EntryPoint","urlTemplate":"https:\/\/embassyofuruguay.us\/sanfrancisco\/?s={search_term_string}"},"query-input":{"@type":"PropertyValueSpecification","valueRequired":true,"valueName":"search_term_string"}}],"inLanguage":"en-GB"},{"@type":"Organization","@id":"https:\/\/embassyofuruguay.us\/sanfrancisco\/#organization","name":"Embajada de Uruguay en los Estados Unidos","url":"https:\/\/embassyofuruguay.us\/sanfrancisco\/","logo":{"@type":"ImageObject","inLanguage":"en-GB","@id":"https:\/\/embassyofuruguay.us\/sanfrancisco\/#\/schema\/logo\/image\/","url":"http:\/\/embassyofuruguay.us\/wp-content\/uploads\/2021\/04\/logo_embajada_bottom.png","contentUrl":"http:\/\/embassyofuruguay.us\/wp-content\/uploads\/2021\/04\/logo_embajada_bottom.png","width":218,"height":130,"caption":"Embajada de Uruguay en los Estados Unidos"},"image":{"@id":"https:\/\/embassyofuruguay.us\/sanfrancisco\/#\/schema\/logo\/image\/"},"sameAs":["https:\/\/www.facebook.com\/UruguayenWashingtonDC\/","https:\/\/x.com\/UruguayinUSA","https:\/\/www.instagram.com\/uruguay.embajada.us\/?igshid=jcgmy9h37fv9","https:\/\/www.linkedin.com\/company\/embassy-of-uruguay-in-the-usa"]}]}},"_links":{"self":[{"href":"https:\/\/embassyofuruguay.us\/sanfrancisco\/index.php\/wp-json\/wp\/v2\/pages\/3059","targetHints":{"allow":["GET"]}}],"collection":[{"href":"https:\/\/embassyofuruguay.us\/sanfrancisco\/index.php\/wp-json\/wp\/v2\/pages"}],"about":[{"href":"https:\/\/embassyofuruguay.us\/sanfrancisco\/index.php\/wp-json\/wp\/v2\/types\/page"}],"author":[{"embeddable":true,"href":"https:\/\/embassyofuruguay.us\/sanfrancisco\/index.php\/wp-json\/wp\/v2\/users\/7"}],"replies":[{"embeddable":true,"href":"https:\/\/embassyofuruguay.us\/sanfrancisco\/index.php\/wp-json\/wp\/v2\/comments?post=3059"}],"version-history":[{"count":0,"href":"https:\/\/embassyofuruguay.us\/sanfrancisco\/index.php\/wp-json\/wp\/v2\/pages\/3059\/revisions"}],"wp:attachment":[{"href":"https:\/\/embassyofuruguay.us\/sanfrancisco\/index.php\/wp-json\/wp\/v2\/media?parent=3059"}],"curies":[{"name":"wp","href":"https:\/\/api.w.org\/{rel}","templated":true}]}}