{"id":5228,"date":"2021-12-07T10:17:18","date_gmt":"2021-12-07T18:17:18","guid":{"rendered":"https:\/\/embassyofuruguay.us\/sanfrancisco\/?page_id=5228"},"modified":"2021-12-07T10:24:33","modified_gmt":"2021-12-07T18:24:33","slug":"solicitud-de-testimonios-de-partidas-de-nacimiento-matrimonio-o-defuncion","status":"publish","type":"page","link":"https:\/\/embassyofuruguay.us\/sanfrancisco\/index.php\/es\/solicitud-de-testimonios-de-partidas-de-nacimiento-matrimonio-o-defuncion\/","title":{"rendered":"Solicitud de testimonios de partidas de nacimiento, matrimonio o defunci\u00f3n"},"content":{"rendered":"<p><div class=\"fusion-fullwidth fullwidth-box fusion-builder-row-1 fusion-flex-container nonhundred-percent-fullwidth non-hundred-percent-height-scrolling\" style=\"background-color: rgba(255,255,255,0);background-position: center center;background-repeat: no-repeat;border-width: 0px 0px 0px 0px;border-color:#e8ebef;border-style:solid;\" ><div class=\"fusion-builder-row fusion-row fusion-flex-align-items-flex-start\" style=\"max-width:1310.4px;margin-left: calc(-4% \/ 2 );margin-right: calc(-4% \/ 2 );\"><div class=\"fusion-layout-column fusion_builder_column fusion-builder-column-0 fusion_builder_column_1_1 1_1 fusion-flex-column fusion-flex-align-self-center\"><div class=\"fusion-column-wrapper fusion-flex-justify-content-flex-start fusion-content-layout-column\" style=\"background-position:left top;background-repeat:no-repeat;-webkit-background-size:cover;-moz-background-size:cover;-o-background-size:cover;background-size:cover;padding: 0px 0px 0px 0px;\"><style type=\"text\/css\">@media only screen and (max-width:1200px) {.fusion-title.fusion-title-1{margin-top:10px!important; margin-right:0px!important;margin-bottom:20px!important;margin-left:0px!important;}}@media only screen and (max-width:640px) {.fusion-title.fusion-title-1{margin-top:10px!important; margin-right:0px!important;margin-bottom:20px!important; margin-left:0px!important;}}<\/style><div class=\"fusion-title title fusion-title-1 fusion-sep-none fusion-title-text fusion-title-size-two\" style=\"margin-top:10px;margin-right:0px;margin-bottom:20px;margin-left:0px;\"><h2 class=\"title-heading-left\" style=\"margin:0;\">Solicitud de testimonios de partidas de nacimiento, matrimonio o defunci\u00f3n<\/h2><\/div><div class=\"fusion-text fusion-text-1\"><div class=\"fusion-text fusion-text-1\">\n<p>Solamente podr\u00e1 solicitar partidas si usted reside dentro de la <strong>Jurisdicci\u00f3n del Consulado: <\/strong>Alaska, Arizona, California, Colorado, Hawai, Idaho, Kansas, Montana, Nebraska, Nevada, North Dakota, Nuevo M\u00e9xico, Oregon,\u00a0 South Dakota, Utah, Washington, Wyoming y el territorio de las Islas Guam e Islas Marianas del Norte.<\/p>\n<p>Procedimiento para obtenci\u00f3n de testimonios de partidas de Registro de Estado Civil de Uruguay:<\/p>\n<\/div>\n<div class=\"fusion-text fusion-text-2\">\n<p><strong>Testimonio de partidas (sin apostilla)<\/strong><\/p>\n<p>Enviar v\u00eda correo regular o electr\u00f3nico a <a href=\"mailto:cgsanfrancisco@mrree.gub.uy\">cgsanfrancisco@mrree.gub.uy<\/a>\u00a0la siguiente documentaci\u00f3n:<\/p>\n<\/div>\n<\/div><ul class=\"fusion-checklist fusion-checklist-1\" style=\"font-size:18px;line-height:30.6px;\"><li class=\"fusion-li-item\"><span style=\"height:30.6px;width:30.6px;margin-right:12.6px;\" class=\"icon-wrapper circle-no\"><i class=\"fusion-li-icon icon-accountant-check\" style=\"color:#1a9eff;\" aria-hidden=\"true\"><\/i><\/span><div class=\"fusion-li-item-content\" style=\"margin-left:43.2px;\">\n<div class=\"fusion-li-item-content\">\n<div class=\"fusion-li-item-content\">\n<p>Formulario completo:<\/p>\n<ul>\n<li><a href=\"https:\/\/embassyofuruguay.us\/wp-content\/uploads\/2021\/11\/Solicitud-de-Partida-de-Nacimiento-Editada-2021.docx\" target=\"_blank\" rel=\"noopener\">Partida de Nacimiento<\/a><\/li>\n<li><a href=\"https:\/\/embassyofuruguay.us\/wp-content\/uploads\/2021\/11\/Solicitud-de-Partida-de-Matrimonio-Editada-2021.docx\" target=\"_blank\" rel=\"noopener\">Partida de Matrimonio<\/a><\/li>\n<li><a href=\"https:\/\/embassyofuruguay.us\/wp-content\/uploads\/2021\/11\/Solicitud-de-Partida-de-Defuncion-Editada-2021.docx\" target=\"_blank\" rel=\"noopener\">Partida de Defunci\u00f3n<\/a><\/li>\n<\/ul>\n<\/div>\n<div class=\"fusion-li-item-content\"><\/div>\n<\/div>\n<\/div><\/li><li class=\"fusion-li-item\"><span style=\"height:30.6px;width:30.6px;margin-right:12.6px;\" class=\"icon-wrapper circle-no\"><i class=\"fusion-li-icon icon-accountant-check\" style=\"color:#1a9eff;\" aria-hidden=\"true\"><\/i><\/span><div class=\"fusion-li-item-content\" style=\"margin-left:43.2px;\">\n<div class=\"fusion-li-item-content\">\n<p>Copia de documento de identidad uruguayo del solicitante<\/p>\n<\/div>\n<\/div><\/li><li class=\"fusion-li-item\"><span style=\"height:30.6px;width:30.6px;margin-right:12.6px;\" class=\"icon-wrapper circle-no\"><i class=\"fusion-li-icon icon-accountant-check\" style=\"color:#1a9eff;\" aria-hidden=\"true\"><\/i><\/span><div class=\"fusion-li-item-content\" style=\"margin-left:43.2px;\">\n<div class=\"fusion-li-item-content\">\n<div class=\"fusion-li-item-content\">\n<p>Copia de la partida del Registro Civil (en caso de contar con ella)<\/p>\n<\/div>\n<\/div>\n<\/div><\/li><li class=\"fusion-li-item\"><span style=\"height:30.6px;width:30.6px;margin-right:12.6px;\" class=\"icon-wrapper circle-no\"><i class=\"fusion-li-icon icon-accountant-check\" style=\"color:#1a9eff;\" aria-hidden=\"true\"><\/i><\/span><div class=\"fusion-li-item-content\" style=\"margin-left:43.2px;\">\n<div class=\"fusion-li-item-content\">\n<div class=\"fusion-li-item-content\">\n<div class=\"fusion-li-item-content\">\n<p>Sobre prepago de retorno, preferentemente USPS PRIORITY con la estampilla del valor correspondiente (USD $7.95) y su direcci\u00f3n completa. O, en caso de que env\u00ede la documentaci\u00f3n por e-mail, podr\u00e1 mandar tambi\u00e9n en el mismo correo electr\u00f3nico, una etiqueta prepaga digital de USPS, que la puede obtener ingresando a la web oficial del correo nacional.<\/p>\n<\/div>\n<\/div>\n<\/div>\n<\/div><\/li><li class=\"fusion-li-item\"><span style=\"height:30.6px;width:30.6px;margin-right:12.6px;\" class=\"icon-wrapper circle-no\"><i class=\"fusion-li-icon icon-accountant-check\" style=\"color:#1a9eff;\" aria-hidden=\"true\"><\/i><\/span><div class=\"fusion-li-item-content\" style=\"margin-left:43.2px;\">\n<div class=\"fusion-li-item-content\">\n<div class=\"fusion-li-item-content\">\n<div class=\"fusion-li-item-content\">\n<p>Este tr\u00e1mite no tiene costo.<\/p>\n<\/div>\n<\/div>\n<\/div>\n<\/div><\/li><li class=\"fusion-li-item\"><span style=\"height:30.6px;width:30.6px;margin-right:12.6px;\" class=\"icon-wrapper circle-no\"><i class=\"fusion-li-icon icon-accountant-check\" style=\"color:#1a9eff;\" aria-hidden=\"true\"><\/i><\/span><div class=\"fusion-li-item-content\" style=\"margin-left:43.2px;\">\n<div class=\"fusion-li-item-content\">\n<div class=\"fusion-li-item-content\">\n<div class=\"fusion-li-item-content\">\n<p>Demora aproximada de 5 a 10 d\u00edas h\u00e1biles.<\/p>\n<\/div>\n<\/div>\n<\/div>\n<\/div><\/li><\/ul><div class=\"fusion-separator fusion-full-width-sep\" style=\"align-self: center;margin-left: auto;margin-right: auto;margin-top:20px;margin-bottom:20px;width:100%;\"><\/div><div class=\"fusion-text fusion-text-2\"><div class=\"fusion-text fusion-text-1\">\n<p><strong>Testimonio de partida apostillada \u2013 Convenci\u00f3n de la Haya de 1961<\/strong><\/p>\n<p>Enviar por correo electr\u00f3nico a <a href=\"mailto:cgsanfrancisco@mrree.gub.uy\">cgsanfrancisco@mrree.gub.uy<\/a>\u00a0 la siguiente documentaci\u00f3n:<\/p>\n<\/div>\n<\/div><ul class=\"fusion-checklist fusion-checklist-2\" style=\"font-size:18px;line-height:30.6px;\"><li class=\"fusion-li-item\"><span style=\"height:30.6px;width:30.6px;margin-right:12.6px;\" class=\"icon-wrapper circle-no\"><i class=\"fusion-li-icon icon-accountant-check\" style=\"color:#1a9eff;\" aria-hidden=\"true\"><\/i><\/span><div class=\"fusion-li-item-content\" style=\"margin-left:43.2px;\">\n<div class=\"fusion-li-item-content\">\n<div class=\"fusion-li-item-content\">\n<p>Formulario completo:<\/p>\n<ul>\n<li><a href=\"https:\/\/embassyofuruguay.us\/wp-content\/uploads\/2021\/11\/Solicitud-de-Partida-de-Nacimiento-Editada-2021.docx\" target=\"_blank\" rel=\"noopener\">Partida de Nacimiento<\/a><\/li>\n<li><a href=\"https:\/\/embassyofuruguay.us\/wp-content\/uploads\/2021\/11\/Solicitud-de-Partida-de-Matrimonio-Editada-2021.docx\" target=\"_blank\" rel=\"noopener\">Partida de Matrimonio<\/a><\/li>\n<li><a href=\"https:\/\/embassyofuruguay.us\/wp-content\/uploads\/2021\/11\/Solicitud-de-Partida-de-Defuncion-Editada-2021.docx\" target=\"_blank\" rel=\"noopener\">Partida de Defunci\u00f3n<\/a><\/li>\n<\/ul>\n<\/div>\n<div class=\"fusion-li-item-content\"><\/div>\n<\/div>\n<\/div><\/li><li class=\"fusion-li-item\"><span style=\"height:30.6px;width:30.6px;margin-right:12.6px;\" class=\"icon-wrapper circle-no\"><i class=\"fusion-li-icon icon-accountant-check\" style=\"color:#1a9eff;\" aria-hidden=\"true\"><\/i><\/span><div class=\"fusion-li-item-content\" style=\"margin-left:43.2px;\">\n<div class=\"fusion-li-item-content\">\n<div class=\"fusion-li-item-content\">\n<div class=\"fusion-li-item-content\">\n<div class=\"fusion-li-item-content\">\n<p>Copia de documento de identidad uruguayo del solicitante<\/p>\n<\/div>\n<\/div>\n<\/div>\n<\/div>\n<\/div><\/li><li class=\"fusion-li-item\"><span style=\"height:30.6px;width:30.6px;margin-right:12.6px;\" class=\"icon-wrapper circle-no\"><i class=\"fusion-li-icon icon-accountant-check\" style=\"color:#1a9eff;\" aria-hidden=\"true\"><\/i><\/span><div class=\"fusion-li-item-content\" style=\"margin-left:43.2px;\">\n<div class=\"fusion-li-item-content\">\n<div class=\"fusion-li-item-content\">\n<div class=\"fusion-li-item-content\">\n<div class=\"fusion-li-item-content\">\n<div class=\"fusion-li-item-content\">\n<p>Copia de la partida de Registro Civil (en caso de contar con ella)<\/p>\n<\/div>\n<\/div>\n<\/div>\n<\/div>\n<\/div>\n<\/div><\/li><li class=\"fusion-li-item\"><span style=\"height:30.6px;width:30.6px;margin-right:12.6px;\" class=\"icon-wrapper circle-no\"><i class=\"fusion-li-icon icon-accountant-check\" style=\"color:#1a9eff;\" aria-hidden=\"true\"><\/i><\/span><div class=\"fusion-li-item-content\" style=\"margin-left:43.2px;\">\n<div class=\"fusion-li-item-content\">\n<div class=\"fusion-li-item-content\">\n<div class=\"fusion-li-item-content\">\n<div class=\"fusion-li-item-content\">\n<div class=\"fusion-li-item-content\">\n<div class=\"fusion-li-item-content\">\n<p>El costo aproximado es USD 15. El pago se coordinar\u00e1 por correo electr\u00f3nico una vez que el Consulado haya obtenido la documentaci\u00f3n previamente detallada.<\/p>\n<\/div>\n<\/div>\n<\/div>\n<\/div>\n<\/div>\n<\/div>\n<\/div><\/li><li class=\"fusion-li-item\"><span style=\"height:30.6px;width:30.6px;margin-right:12.6px;\" class=\"icon-wrapper circle-no\"><i class=\"fusion-li-icon icon-accountant-check\" style=\"color:#1a9eff;\" aria-hidden=\"true\"><\/i><\/span><div class=\"fusion-li-item-content\" style=\"margin-left:43.2px;\">\n<div class=\"fusion-li-item-content\">\n<div class=\"fusion-li-item-content\">\n<div class=\"fusion-li-item-content\">\n<div class=\"fusion-li-item-content\">\n<div class=\"fusion-li-item-content\">\n<div class=\"fusion-li-item-content\">\n<div class=\"fusion-li-item-content\">\n<p>Este tr\u00e1mite demora aproximada de 4 a 8 semanas.<\/p>\n<\/div>\n<\/div>\n<\/div>\n<\/div>\n<\/div>\n<\/div>\n<\/div>\n<\/div><\/li><\/ul><div class=\"fusion-separator fusion-full-width-sep\" style=\"align-self: center;margin-left: auto;margin-right: auto;margin-top:20px;margin-bottom:20px;width:100%;\"><\/div><\/div><style type=\"text\/css\">.fusion-body .fusion-builder-column-0{width:100% !important;margin-top : 20px;margin-bottom : 20px;}.fusion-builder-column-0 > .fusion-column-wrapper {padding-top : 0px !important;padding-right : 0px !important;margin-right : 1.92%;padding-bottom : 0px !important;padding-left : 0px !important;margin-left : 1.92%;}@media only screen and (max-width:1200px) {.fusion-body .fusion-builder-column-0{width:100% !important;order : 0;}.fusion-builder-column-0 > .fusion-column-wrapper {margin-right : 1.92%;margin-left : 1.92%;}}@media only screen and (max-width:640px) {.fusion-body .fusion-builder-column-0{width:100% !important;order : 0;}.fusion-builder-column-0 > .fusion-column-wrapper {margin-right : 1.92%;margin-left : 1.92%;}}<\/style><\/div><\/div><style type=\"text\/css\">.fusion-body .fusion-flex-container.fusion-builder-row-1{ padding-top : 0px;margin-top : 0px;padding-right : 0px;padding-bottom : 1px;margin-bottom : 0px;padding-left : 0px;}<\/style><\/div><div class=\"fusion-fullwidth fullwidth-box fusion-builder-row-2 fusion-flex-container nonhundred-percent-fullwidth non-hundred-percent-height-scrolling\" style=\"background-color: rgba(255,255,255,0);background-position: center center;background-repeat: no-repeat;border-width: 0px 0px 0px 0px;border-color:#e8ebef;border-style:solid;\" ><div class=\"fusion-builder-row fusion-row fusion-flex-align-items-center\" style=\"max-width:1310.4px;margin-left: calc(-4% \/ 2 );margin-right: calc(-4% \/ 2 );\"><div class=\"fusion-layout-column fusion_builder_column fusion-builder-column-1 fusion_builder_column_1_1 1_1 fusion-flex-column fusion-flex-align-self-center\"><div class=\"fusion-column-wrapper fusion-flex-justify-content-flex-start fusion-content-layout-column\" style=\"background-position:left top;background-repeat:no-repeat;-webkit-background-size:cover;-moz-background-size:cover;-o-background-size:cover;background-size:cover;padding: 0px 0px 0px 0px;\"><\/div><style type=\"text\/css\">.fusion-body .fusion-builder-column-1{width:100% !important;margin-top : 20px;margin-bottom : 20px;}.fusion-builder-column-1 > .fusion-column-wrapper {padding-top : 0px !important;padding-right : 0px !important;margin-right : 1.92%;padding-bottom : 0px !important;padding-left : 0px !important;margin-left : 1.92%;}@media only screen and (max-width:1200px) {.fusion-body .fusion-builder-column-1{width:100% !important;order : 0;}.fusion-builder-column-1 > .fusion-column-wrapper {margin-right : 1.92%;margin-left : 1.92%;}}@media only screen and (max-width:640px) {.fusion-body .fusion-builder-column-1{width:100% !important;order : 0;}.fusion-builder-column-1 > .fusion-column-wrapper {margin-right : 1.92%;margin-left : 1.92%;}}<\/style><\/div><\/div><style type=\"text\/css\">.fusion-body .fusion-flex-container.fusion-builder-row-2{ padding-top : 1px;margin-top : 0px;padding-right : 0px;padding-bottom : 3px;margin-bottom : 0px;padding-left : 0px;}<\/style><\/div><\/p>\n","protected":false},"excerpt":{"rendered":"","protected":false},"author":7,"featured_media":0,"parent":0,"menu_order":0,"comment_status":"closed","ping_status":"closed","template":"100-width.php","meta":{"footnotes":""},"class_list":["post-5228","page","type-page","status-publish","hentry"],"yoast_head":"<!-- This site is optimized with the Yoast SEO plugin v26.9 - https:\/\/yoast.com\/product\/yoast-seo-wordpress\/ -->\n<title>Solicitud de testimonios de partidas de nacimiento, matrimonio o defunci\u00f3n &#8226; Consulado de Uruguay en San Francisco<\/title>\n<meta name=\"robots\" content=\"index, follow, max-snippet:-1, max-image-preview:large, max-video-preview:-1\" \/>\n<link rel=\"canonical\" href=\"https:\/\/embassyofuruguay.us\/sanfrancisco\/index.php\/es\/solicitud-de-testimonios-de-partidas-de-nacimiento-matrimonio-o-defuncion\/\" \/>\n<meta property=\"og:locale\" content=\"en_GB\" \/>\n<meta property=\"og:type\" content=\"article\" \/>\n<meta property=\"og:title\" content=\"Solicitud de testimonios de partidas de nacimiento, matrimonio o defunci\u00f3n &#8226; Consulado de Uruguay en San Francisco\" \/>\n<meta property=\"og:url\" content=\"https:\/\/embassyofuruguay.us\/sanfrancisco\/index.php\/es\/solicitud-de-testimonios-de-partidas-de-nacimiento-matrimonio-o-defuncion\/\" \/>\n<meta property=\"og:site_name\" content=\"Consulado de Uruguay en San Francisco\" \/>\n<meta property=\"article:publisher\" content=\"https:\/\/www.facebook.com\/UruguayenWashingtonDC\/\" \/>\n<meta property=\"article:modified_time\" content=\"2021-12-07T18:24:33+00:00\" \/>\n<meta name=\"twitter:card\" content=\"summary_large_image\" \/>\n<meta name=\"twitter:site\" content=\"@UruguayinUSA\" \/>\n<meta name=\"twitter:label1\" content=\"Estimated reading time\" \/>\n\t<meta name=\"twitter:data1\" content=\"10 minutes\" \/>\n<script type=\"application\/ld+json\" class=\"yoast-schema-graph\">{\"@context\":\"https:\/\/schema.org\",\"@graph\":[{\"@type\":\"WebPage\",\"@id\":\"https:\/\/embassyofuruguay.us\/sanfrancisco\/index.php\/es\/solicitud-de-testimonios-de-partidas-de-nacimiento-matrimonio-o-defuncion\/\",\"url\":\"https:\/\/embassyofuruguay.us\/sanfrancisco\/index.php\/es\/solicitud-de-testimonios-de-partidas-de-nacimiento-matrimonio-o-defuncion\/\",\"name\":\"Solicitud de testimonios de partidas de nacimiento, matrimonio o defunci\u00f3n &#8226; Consulado de Uruguay en San Francisco\",\"isPartOf\":{\"@id\":\"https:\/\/embassyofuruguay.us\/sanfrancisco\/#website\"},\"datePublished\":\"2021-12-07T18:17:18+00:00\",\"dateModified\":\"2021-12-07T18:24:33+00:00\",\"breadcrumb\":{\"@id\":\"https:\/\/embassyofuruguay.us\/sanfrancisco\/index.php\/es\/solicitud-de-testimonios-de-partidas-de-nacimiento-matrimonio-o-defuncion\/#breadcrumb\"},\"inLanguage\":\"en-GB\",\"potentialAction\":[{\"@type\":\"ReadAction\",\"target\":[\"https:\/\/embassyofuruguay.us\/sanfrancisco\/index.php\/es\/solicitud-de-testimonios-de-partidas-de-nacimiento-matrimonio-o-defuncion\/\"]}]},{\"@type\":\"BreadcrumbList\",\"@id\":\"https:\/\/embassyofuruguay.us\/sanfrancisco\/index.php\/es\/solicitud-de-testimonios-de-partidas-de-nacimiento-matrimonio-o-defuncion\/#breadcrumb\",\"itemListElement\":[{\"@type\":\"ListItem\",\"position\":1,\"name\":\"Portada\",\"item\":\"https:\/\/embassyofuruguay.us\/sanfrancisco\/index.php\/es\/embajada-homepage-en\/\"},{\"@type\":\"ListItem\",\"position\":2,\"name\":\"Solicitud de testimonios de partidas de nacimiento, matrimonio o defunci\u00f3n\"}]},{\"@type\":\"WebSite\",\"@id\":\"https:\/\/embassyofuruguay.us\/sanfrancisco\/#website\",\"url\":\"https:\/\/embassyofuruguay.us\/sanfrancisco\/\",\"name\":\"Embajada de Uruguay en los Estados Unidos\",\"description\":\"Sitio web institucional del consulado de Uruguay en San Francisco\",\"publisher\":{\"@id\":\"https:\/\/embassyofuruguay.us\/sanfrancisco\/#organization\"},\"potentialAction\":[{\"@type\":\"SearchAction\",\"target\":{\"@type\":\"EntryPoint\",\"urlTemplate\":\"https:\/\/embassyofuruguay.us\/sanfrancisco\/?s={search_term_string}\"},\"query-input\":{\"@type\":\"PropertyValueSpecification\",\"valueRequired\":true,\"valueName\":\"search_term_string\"}}],\"inLanguage\":\"en-GB\"},{\"@type\":\"Organization\",\"@id\":\"https:\/\/embassyofuruguay.us\/sanfrancisco\/#organization\",\"name\":\"Embajada de Uruguay en los Estados Unidos\",\"url\":\"https:\/\/embassyofuruguay.us\/sanfrancisco\/\",\"logo\":{\"@type\":\"ImageObject\",\"inLanguage\":\"en-GB\",\"@id\":\"https:\/\/embassyofuruguay.us\/sanfrancisco\/#\/schema\/logo\/image\/\",\"url\":\"http:\/\/embassyofuruguay.us\/wp-content\/uploads\/2021\/04\/logo_embajada_bottom.png\",\"contentUrl\":\"http:\/\/embassyofuruguay.us\/wp-content\/uploads\/2021\/04\/logo_embajada_bottom.png\",\"width\":218,\"height\":130,\"caption\":\"Embajada de Uruguay en los Estados Unidos\"},\"image\":{\"@id\":\"https:\/\/embassyofuruguay.us\/sanfrancisco\/#\/schema\/logo\/image\/\"},\"sameAs\":[\"https:\/\/www.facebook.com\/UruguayenWashingtonDC\/\",\"https:\/\/x.com\/UruguayinUSA\",\"https:\/\/www.instagram.com\/uruguay.embajada.us\/?igshid=jcgmy9h37fv9\",\"https:\/\/www.linkedin.com\/company\/embassy-of-uruguay-in-the-usa\"]}]}<\/script>\n<!-- \/ Yoast SEO plugin. -->","yoast_head_json":{"title":"Solicitud de testimonios de partidas de nacimiento, matrimonio o defunci\u00f3n &#8226; Consulado de Uruguay en San Francisco","robots":{"index":"index","follow":"follow","max-snippet":"max-snippet:-1","max-image-preview":"max-image-preview:large","max-video-preview":"max-video-preview:-1"},"canonical":"https:\/\/embassyofuruguay.us\/sanfrancisco\/index.php\/es\/solicitud-de-testimonios-de-partidas-de-nacimiento-matrimonio-o-defuncion\/","og_locale":"en_GB","og_type":"article","og_title":"Solicitud de testimonios de partidas de nacimiento, matrimonio o defunci\u00f3n &#8226; Consulado de Uruguay en San Francisco","og_url":"https:\/\/embassyofuruguay.us\/sanfrancisco\/index.php\/es\/solicitud-de-testimonios-de-partidas-de-nacimiento-matrimonio-o-defuncion\/","og_site_name":"Consulado de Uruguay en San Francisco","article_publisher":"https:\/\/www.facebook.com\/UruguayenWashingtonDC\/","article_modified_time":"2021-12-07T18:24:33+00:00","twitter_card":"summary_large_image","twitter_site":"@UruguayinUSA","twitter_misc":{"Estimated reading time":"10 minutes"},"schema":{"@context":"https:\/\/schema.org","@graph":[{"@type":"WebPage","@id":"https:\/\/embassyofuruguay.us\/sanfrancisco\/index.php\/es\/solicitud-de-testimonios-de-partidas-de-nacimiento-matrimonio-o-defuncion\/","url":"https:\/\/embassyofuruguay.us\/sanfrancisco\/index.php\/es\/solicitud-de-testimonios-de-partidas-de-nacimiento-matrimonio-o-defuncion\/","name":"Solicitud de testimonios de partidas de nacimiento, matrimonio o defunci\u00f3n &#8226; Consulado de Uruguay en San Francisco","isPartOf":{"@id":"https:\/\/embassyofuruguay.us\/sanfrancisco\/#website"},"datePublished":"2021-12-07T18:17:18+00:00","dateModified":"2021-12-07T18:24:33+00:00","breadcrumb":{"@id":"https:\/\/embassyofuruguay.us\/sanfrancisco\/index.php\/es\/solicitud-de-testimonios-de-partidas-de-nacimiento-matrimonio-o-defuncion\/#breadcrumb"},"inLanguage":"en-GB","potentialAction":[{"@type":"ReadAction","target":["https:\/\/embassyofuruguay.us\/sanfrancisco\/index.php\/es\/solicitud-de-testimonios-de-partidas-de-nacimiento-matrimonio-o-defuncion\/"]}]},{"@type":"BreadcrumbList","@id":"https:\/\/embassyofuruguay.us\/sanfrancisco\/index.php\/es\/solicitud-de-testimonios-de-partidas-de-nacimiento-matrimonio-o-defuncion\/#breadcrumb","itemListElement":[{"@type":"ListItem","position":1,"name":"Portada","item":"https:\/\/embassyofuruguay.us\/sanfrancisco\/index.php\/es\/embajada-homepage-en\/"},{"@type":"ListItem","position":2,"name":"Solicitud de testimonios de partidas de nacimiento, matrimonio o defunci\u00f3n"}]},{"@type":"WebSite","@id":"https:\/\/embassyofuruguay.us\/sanfrancisco\/#website","url":"https:\/\/embassyofuruguay.us\/sanfrancisco\/","name":"Embajada de Uruguay en los Estados Unidos","description":"Sitio web institucional del consulado de Uruguay en San Francisco","publisher":{"@id":"https:\/\/embassyofuruguay.us\/sanfrancisco\/#organization"},"potentialAction":[{"@type":"SearchAction","target":{"@type":"EntryPoint","urlTemplate":"https:\/\/embassyofuruguay.us\/sanfrancisco\/?s={search_term_string}"},"query-input":{"@type":"PropertyValueSpecification","valueRequired":true,"valueName":"search_term_string"}}],"inLanguage":"en-GB"},{"@type":"Organization","@id":"https:\/\/embassyofuruguay.us\/sanfrancisco\/#organization","name":"Embajada de Uruguay en los Estados Unidos","url":"https:\/\/embassyofuruguay.us\/sanfrancisco\/","logo":{"@type":"ImageObject","inLanguage":"en-GB","@id":"https:\/\/embassyofuruguay.us\/sanfrancisco\/#\/schema\/logo\/image\/","url":"http:\/\/embassyofuruguay.us\/wp-content\/uploads\/2021\/04\/logo_embajada_bottom.png","contentUrl":"http:\/\/embassyofuruguay.us\/wp-content\/uploads\/2021\/04\/logo_embajada_bottom.png","width":218,"height":130,"caption":"Embajada de Uruguay en los Estados Unidos"},"image":{"@id":"https:\/\/embassyofuruguay.us\/sanfrancisco\/#\/schema\/logo\/image\/"},"sameAs":["https:\/\/www.facebook.com\/UruguayenWashingtonDC\/","https:\/\/x.com\/UruguayinUSA","https:\/\/www.instagram.com\/uruguay.embajada.us\/?igshid=jcgmy9h37fv9","https:\/\/www.linkedin.com\/company\/embassy-of-uruguay-in-the-usa"]}]}},"_links":{"self":[{"href":"https:\/\/embassyofuruguay.us\/sanfrancisco\/index.php\/wp-json\/wp\/v2\/pages\/5228","targetHints":{"allow":["GET"]}}],"collection":[{"href":"https:\/\/embassyofuruguay.us\/sanfrancisco\/index.php\/wp-json\/wp\/v2\/pages"}],"about":[{"href":"https:\/\/embassyofuruguay.us\/sanfrancisco\/index.php\/wp-json\/wp\/v2\/types\/page"}],"author":[{"embeddable":true,"href":"https:\/\/embassyofuruguay.us\/sanfrancisco\/index.php\/wp-json\/wp\/v2\/users\/7"}],"replies":[{"embeddable":true,"href":"https:\/\/embassyofuruguay.us\/sanfrancisco\/index.php\/wp-json\/wp\/v2\/comments?post=5228"}],"version-history":[{"count":4,"href":"https:\/\/embassyofuruguay.us\/sanfrancisco\/index.php\/wp-json\/wp\/v2\/pages\/5228\/revisions"}],"predecessor-version":[{"id":5232,"href":"https:\/\/embassyofuruguay.us\/sanfrancisco\/index.php\/wp-json\/wp\/v2\/pages\/5228\/revisions\/5232"}],"wp:attachment":[{"href":"https:\/\/embassyofuruguay.us\/sanfrancisco\/index.php\/wp-json\/wp\/v2\/media?parent=5228"}],"curies":[{"name":"wp","href":"https:\/\/api.w.org\/{rel}","templated":true}]}}